{"id":2937,"date":"2018-02-22T11:02:23","date_gmt":"2018-02-22T10:02:23","guid":{"rendered":"http:\/\/clientes.plataformapublicidad.es\/sotrafa\/?page_id=2937"},"modified":"2022-10-21T09:21:15","modified_gmt":"2022-10-21T07:21:15","slug":"who-we-are","status":"publish","type":"page","link":"https:\/\/sotrafa.com\/en\/who-we-are\/","title":{"rendered":"Who we are"},"content":{"rendered":"<p><div class=\"fusion-fullwidth fullwidth-box fusion-builder-row-1 nonhundred-percent-fullwidth non-hundred-percent-height-scrolling\" style=\"--awb-border-radius-top-left:0px;--awb-border-radius-top-right:0px;--awb-border-radius-bottom-right:0px;--awb-border-radius-bottom-left:0px;--awb-flex-wrap:wrap;\" ><div class=\"fusion-builder-row fusion-row\"><div class=\"fusion-layout-column fusion_builder_column fusion-builder-column-0 fusion_builder_column_1_1 1_1 fusion-one-full fusion-column-first fusion-column-last\" style=\"--awb-bg-size:cover;\"><div class=\"fusion-column-wrapper fusion-flex-column-wrapper-legacy\"><div class=\"fusion-text fusion-text-1\"><h1>Who we are<\/h1>\n<\/div><div class=\"fusion-text fusion-text-2\"><p><strong>SOTRAFA, <\/strong>is a manufacturing company specializing in films for agriculture and geosynthetics\u00a0to the Armando \u00c1lvarez Group, a leader in polyethylene film and sheet processing in Spain and one of the first in Europe, with an annual production of over 400.000 tones.<\/p>\n<p>Our company is based in Almer\u00eda Spain, in an area which has the biggest concentration of greenhouses in the world. We actually export to 70 countries and we have experience in this sector for over 45 years.<\/p>\n<p>Our activity is designed to two different sections: agricultural market development and environmental protection with our waterproofing geomembranes, used for a good water management and as insulator of polluting products and waste.<\/p>\n<\/div><div class=\"fusion-text fusion-text-3\"><h3><strong>We produce a Wide plastic range for Agricultural, Horticultural, Construction and Waterproofing use:<\/strong><\/h3>\n<\/div><ul style=\"--awb-size:13px;--awb-line-height:22.1px;--awb-icon-width:22.1px;--awb-icon-height:22.1px;--awb-icon-margin:9.1px;--awb-content-margin:31.2px;\" class=\"fusion-checklist fusion-checklist-1 fusion-checklist-default type-icons\"><li class=\"fusion-li-item\" style=\"\"><span class=\"icon-wrapper circle-no\"><i class=\"fusion-li-icon fa fa-stop\" aria-hidden=\"true\"><\/i><\/span><div class=\"fusion-li-item-content\">\n<p>Greenhouses and Tunnels films: with thermic properties (TRC Range and Plastermic Range) and without thermic properties (Aster Range)<\/p>\n<\/div><\/li><li class=\"fusion-li-item\" style=\"\"><span class=\"icon-wrapper circle-no\"><i class=\"fusion-li-icon fa fa-stop\" aria-hidden=\"true\"><\/i><\/span><div class=\"fusion-li-item-content\">\n<p>Double covers<\/p>\n<\/div><\/li><li class=\"fusion-li-item\" style=\"\"><span class=\"icon-wrapper circle-no\"><i class=\"fusion-li-icon fa fa-stop\" aria-hidden=\"true\"><\/i><\/span><div class=\"fusion-li-item-content\">\n<p>Small and Medium tunnels (Sotraforce Range)<\/p>\n<\/div><\/li><li class=\"fusion-li-item\" style=\"\"><span class=\"icon-wrapper circle-no\"><i class=\"fusion-li-icon fa fa-stop\" aria-hidden=\"true\"><\/i><\/span><div class=\"fusion-li-item-content\">\n<p>Mulching films (Sotrafilm Range)<\/p>\n<\/div><\/li><li class=\"fusion-li-item\" style=\"\"><span class=\"icon-wrapper circle-no\"><i class=\"fusion-li-icon fa fa-stop\" aria-hidden=\"true\"><\/i><\/span><div class=\"fusion-li-item-content\">\n<p>Hydroponics<\/p>\n<\/div><\/li><li class=\"fusion-li-item\" style=\"\"><span class=\"icon-wrapper circle-no\"><i class=\"fusion-li-icon fa fa-stop\" aria-hidden=\"true\"><\/i><\/span><div class=\"fusion-li-item-content\">\n<p>Films and Silage bags (Silofresh Range, Greenbag and Silaseal)<\/p>\n<\/div><\/li><li class=\"fusion-li-item\" style=\"\"><span class=\"icon-wrapper circle-no\"><i class=\"fusion-li-icon fa fa-stop\" aria-hidden=\"true\"><\/i><\/span><div class=\"fusion-li-item-content\">\n<p>Waterproofing films: HDPE Geomembranes (smooth and structured), VLDPE and LLDPE, with different thickness and specially designed for applications such as: waterproofing reservoirs, lagoons, dams, channels, water treatment plants, landfills, rubbish dumps, tunnels, road, mining basins and leaching of minerals.<\/p>\n<\/div><\/li><\/ul><div class=\"fusion-text fusion-text-4\"><p>Our multilayer co-extrusion system using the latest technology gives us the possibility of manufacturing films between 0,013mm and 3mm in thickness and widths from 0,5m to 18,3m. We have sophisticated control systems for the manufacturing process which allow us to guarantee an uniform quality for our products, according to ISO 9001 and ISO 14001 norms.<\/p>\n<\/div><div class=\"fusion-clearfix\"><\/div><\/div><\/div><\/div><\/div><div class=\"fusion-fullwidth fullwidth-box fusion-builder-row-2 hundred-percent-fullwidth non-hundred-percent-height-scrolling\" style=\"--awb-border-radius-top-left:0px;--awb-border-radius-top-right:0px;--awb-border-radius-bottom-right:0px;--awb-border-radius-bottom-left:0px;--awb-padding-right:0px;--awb-padding-bottom:0px;--awb-padding-left:0px;--awb-background-color:rgba(244,244,244,0);--awb-flex-wrap:wrap;\" ><div class=\"fusion-builder-row fusion-row\"><div class=\"fusion-layout-column fusion_builder_column fusion-builder-column-1 fusion_builder_column_1_1 1_1 fusion-one-full fusion-column-first fusion-column-last\" style=\"--awb-padding-top:0px;--awb-bg-size:cover;--awb-margin-bottom:0px;\"><div class=\"fusion-column-wrapper fusion-flex-column-wrapper-legacy\"><div class=\"fusion-image-element fusion-image-align-center in-legacy-container\" style=\"text-align:center;--awb-caption-title-font-family:var(--h2_typography-font-family);--awb-caption-title-font-weight:var(--h2_typography-font-weight);--awb-caption-title-font-style:var(--h2_typography-font-style);--awb-caption-title-size:var(--h2_typography-font-size);--awb-caption-title-transform:var(--h2_typography-text-transform);--awb-caption-title-line-height:var(--h2_typography-line-height);--awb-caption-title-letter-spacing:var(--h2_typography-letter-spacing);\"><div class=\"imageframe-align-center\"><span class=\" fusion-imageframe imageframe-none imageframe-1 hover-type-none full-width-forced\"><img decoding=\"async\" width=\"1920\" height=\"232\" title=\"fabrica_sotrafa_qqsomos\" src=\"https:\/\/sotrafa.com\/wp-content\/uploads\/2018\/02\/fabrica_sotrafa_qqsomos.png\" alt class=\"img-responsive wp-image-5864\" srcset=\"https:\/\/sotrafa.com\/wp-content\/uploads\/2018\/02\/fabrica_sotrafa_qqsomos-200x24.png 200w, https:\/\/sotrafa.com\/wp-content\/uploads\/2018\/02\/fabrica_sotrafa_qqsomos-400x48.png 400w, https:\/\/sotrafa.com\/wp-content\/uploads\/2018\/02\/fabrica_sotrafa_qqsomos-600x73.png 600w, https:\/\/sotrafa.com\/wp-content\/uploads\/2018\/02\/fabrica_sotrafa_qqsomos-800x97.png 800w, https:\/\/sotrafa.com\/wp-content\/uploads\/2018\/02\/fabrica_sotrafa_qqsomos-1200x145.png 1200w, https:\/\/sotrafa.com\/wp-content\/uploads\/2018\/02\/fabrica_sotrafa_qqsomos.png 1920w\" sizes=\"(max-width: 850px) 100vw, 1200px\" \/><\/span><\/div><\/div><div class=\"fusion-clearfix\"><\/div><\/div><\/div><\/div><\/div><\/p>\n","protected":false},"excerpt":{"rendered":"","protected":false},"author":2,"featured_media":0,"parent":0,"menu_order":0,"comment_status":"closed","ping_status":"closed","template":"100-width.php","meta":{"footnotes":""},"class_list":["post-2937","page","type-page","status-publish","hentry"],"yoast_head":"<!-- This site is optimized with the Yoast SEO plugin v27.3 - https:\/\/yoast.com\/product\/yoast-seo-wordpress\/ -->\n<title>Who we are - Sotrafa<\/title>\n<meta name=\"robots\" content=\"index, follow, max-snippet:-1, max-image-preview:large, max-video-preview:-1\" \/>\n<link rel=\"canonical\" href=\"https:\/\/sotrafa.com\/en\/who-we-are\/\" \/>\n<meta property=\"og:locale\" content=\"en_US\" \/>\n<meta property=\"og:type\" content=\"article\" \/>\n<meta property=\"og:title\" content=\"Who we are - Sotrafa\" \/>\n<meta property=\"og:url\" content=\"https:\/\/sotrafa.com\/en\/who-we-are\/\" \/>\n<meta property=\"og:site_name\" content=\"Sotrafa\" \/>\n<meta property=\"article:modified_time\" content=\"2022-10-21T07:21:15+00:00\" \/>\n<meta name=\"twitter:card\" content=\"summary_large_image\" \/>\n<meta name=\"twitter:label1\" content=\"Est. reading time\" \/>\n\t<meta name=\"twitter:data1\" content=\"4 minutes\" \/>\n<script type=\"application\/ld+json\" class=\"yoast-schema-graph\">{\"@context\":\"https:\\\/\\\/schema.org\",\"@graph\":[{\"@type\":\"WebPage\",\"@id\":\"https:\\\/\\\/sotrafa.com\\\/en\\\/who-we-are\\\/\",\"url\":\"https:\\\/\\\/sotrafa.com\\\/en\\\/who-we-are\\\/\",\"name\":\"Who we are - Sotrafa\",\"isPartOf\":{\"@id\":\"https:\\\/\\\/sotrafa.com\\\/#website\"},\"datePublished\":\"2018-02-22T10:02:23+00:00\",\"dateModified\":\"2022-10-21T07:21:15+00:00\",\"breadcrumb\":{\"@id\":\"https:\\\/\\\/sotrafa.com\\\/en\\\/who-we-are\\\/#breadcrumb\"},\"inLanguage\":\"en\",\"potentialAction\":[{\"@type\":\"ReadAction\",\"target\":[\"https:\\\/\\\/sotrafa.com\\\/en\\\/who-we-are\\\/\"]}]},{\"@type\":\"BreadcrumbList\",\"@id\":\"https:\\\/\\\/sotrafa.com\\\/en\\\/who-we-are\\\/#breadcrumb\",\"itemListElement\":[{\"@type\":\"ListItem\",\"position\":1,\"name\":\"Home\",\"item\":\"https:\\\/\\\/sotrafa.com\\\/en\\\/\"},{\"@type\":\"ListItem\",\"position\":2,\"name\":\"Who we are\"}]},{\"@type\":\"WebSite\",\"@id\":\"https:\\\/\\\/sotrafa.com\\\/#website\",\"url\":\"https:\\\/\\\/sotrafa.com\\\/\",\"name\":\"Sotrafa\",\"description\":\"Producimos una amplia gama de Pl\u00e1sticos para uso agr\u00edcola y hort\u00edcola, ganadero, construcci\u00f3n, e impermeabilizaci\u00f3n.\",\"potentialAction\":[{\"@type\":\"SearchAction\",\"target\":{\"@type\":\"EntryPoint\",\"urlTemplate\":\"https:\\\/\\\/sotrafa.com\\\/?s={search_term_string}\"},\"query-input\":{\"@type\":\"PropertyValueSpecification\",\"valueRequired\":true,\"valueName\":\"search_term_string\"}}],\"inLanguage\":\"en\"}]}<\/script>\n<!-- \/ Yoast SEO plugin. -->","yoast_head_json":{"title":"Who we are - Sotrafa","robots":{"index":"index","follow":"follow","max-snippet":"max-snippet:-1","max-image-preview":"max-image-preview:large","max-video-preview":"max-video-preview:-1"},"canonical":"https:\/\/sotrafa.com\/en\/who-we-are\/","og_locale":"en_US","og_type":"article","og_title":"Who we are - Sotrafa","og_url":"https:\/\/sotrafa.com\/en\/who-we-are\/","og_site_name":"Sotrafa","article_modified_time":"2022-10-21T07:21:15+00:00","twitter_card":"summary_large_image","twitter_misc":{"Est. reading time":"4 minutes"},"schema":{"@context":"https:\/\/schema.org","@graph":[{"@type":"WebPage","@id":"https:\/\/sotrafa.com\/en\/who-we-are\/","url":"https:\/\/sotrafa.com\/en\/who-we-are\/","name":"Who we are - Sotrafa","isPartOf":{"@id":"https:\/\/sotrafa.com\/#website"},"datePublished":"2018-02-22T10:02:23+00:00","dateModified":"2022-10-21T07:21:15+00:00","breadcrumb":{"@id":"https:\/\/sotrafa.com\/en\/who-we-are\/#breadcrumb"},"inLanguage":"en","potentialAction":[{"@type":"ReadAction","target":["https:\/\/sotrafa.com\/en\/who-we-are\/"]}]},{"@type":"BreadcrumbList","@id":"https:\/\/sotrafa.com\/en\/who-we-are\/#breadcrumb","itemListElement":[{"@type":"ListItem","position":1,"name":"Home","item":"https:\/\/sotrafa.com\/en\/"},{"@type":"ListItem","position":2,"name":"Who we are"}]},{"@type":"WebSite","@id":"https:\/\/sotrafa.com\/#website","url":"https:\/\/sotrafa.com\/","name":"Sotrafa","description":"Producimos una amplia gama de Pl\u00e1sticos para uso agr\u00edcola y hort\u00edcola, ganadero, construcci\u00f3n, e impermeabilizaci\u00f3n.","potentialAction":[{"@type":"SearchAction","target":{"@type":"EntryPoint","urlTemplate":"https:\/\/sotrafa.com\/?s={search_term_string}"},"query-input":{"@type":"PropertyValueSpecification","valueRequired":true,"valueName":"search_term_string"}}],"inLanguage":"en"}]}},"_links":{"self":[{"href":"https:\/\/sotrafa.com\/en\/wp-json\/wp\/v2\/pages\/2937","targetHints":{"allow":["GET"]}}],"collection":[{"href":"https:\/\/sotrafa.com\/en\/wp-json\/wp\/v2\/pages"}],"about":[{"href":"https:\/\/sotrafa.com\/en\/wp-json\/wp\/v2\/types\/page"}],"author":[{"embeddable":true,"href":"https:\/\/sotrafa.com\/en\/wp-json\/wp\/v2\/users\/2"}],"replies":[{"embeddable":true,"href":"https:\/\/sotrafa.com\/en\/wp-json\/wp\/v2\/comments?post=2937"}],"version-history":[{"count":3,"href":"https:\/\/sotrafa.com\/en\/wp-json\/wp\/v2\/pages\/2937\/revisions"}],"predecessor-version":[{"id":5448,"href":"https:\/\/sotrafa.com\/en\/wp-json\/wp\/v2\/pages\/2937\/revisions\/5448"}],"wp:attachment":[{"href":"https:\/\/sotrafa.com\/en\/wp-json\/wp\/v2\/media?parent=2937"}],"curies":[{"name":"wp","href":"https:\/\/api.w.org\/{rel}","templated":true}]}}