{"id":2943,"date":"2018-02-22T11:25:12","date_gmt":"2018-02-22T10:25:12","guid":{"rendered":"http:\/\/clientes.plataformapublicidad.es\/sotrafa\/?page_id=2943"},"modified":"2025-03-18T13:41:55","modified_gmt":"2025-03-18T12:41:55","slug":"quality-and-technology","status":"publish","type":"page","link":"https:\/\/sotrafa.com\/en\/quality-and-technology\/","title":{"rendered":"Quality and Technology"},"content":{"rendered":"<p><div class=\"fusion-fullwidth fullwidth-box fusion-builder-row-1 nonhundred-percent-fullwidth non-hundred-percent-height-scrolling fusion-equal-height-columns\" style=\"--awb-border-radius-top-left:0px;--awb-border-radius-top-right:0px;--awb-border-radius-bottom-right:0px;--awb-border-radius-bottom-left:0px;--awb-flex-wrap:wrap;\" ><div class=\"fusion-builder-row fusion-row\"><div class=\"fusion-layout-column fusion_builder_column fusion-builder-column-0 fusion_builder_column_2_5 2_5 fusion-two-fifth fusion-column-first\" style=\"--awb-bg-size:cover;width:40%;width:calc(40% - ( ( 4% ) * 0.4 ) );margin-right: 4%;\"><div class=\"fusion-column-wrapper fusion-flex-column-wrapper-legacy\"><div class=\"fusion-column-content-centered\"><div class=\"fusion-column-content\"><div class=\"fusion-image-element fusion-image-align-center in-legacy-container\" style=\"text-align:center;--awb-caption-title-font-family:var(--h2_typography-font-family);--awb-caption-title-font-weight:var(--h2_typography-font-weight);--awb-caption-title-font-style:var(--h2_typography-font-style);--awb-caption-title-size:var(--h2_typography-font-size);--awb-caption-title-transform:var(--h2_typography-text-transform);--awb-caption-title-line-height:var(--h2_typography-line-height);--awb-caption-title-letter-spacing:var(--h2_typography-letter-spacing);\"><div class=\"imageframe-align-center\"><span class=\" fusion-imageframe imageframe-none imageframe-1 hover-type-none\"><img decoding=\"async\" width=\"750\" height=\"750\" title=\"probeta\" src=\"https:\/\/sotrafa.com\/wp-content\/uploads\/2018\/02\/probeta.png\" alt class=\"img-responsive wp-image-5734\" srcset=\"https:\/\/sotrafa.com\/wp-content\/uploads\/2018\/02\/probeta-200x200.png 200w, https:\/\/sotrafa.com\/wp-content\/uploads\/2018\/02\/probeta-400x400.png 400w, https:\/\/sotrafa.com\/wp-content\/uploads\/2018\/02\/probeta-600x600.png 600w, https:\/\/sotrafa.com\/wp-content\/uploads\/2018\/02\/probeta.png 750w\" sizes=\"(max-width: 850px) 100vw, 600px\" \/><\/span><\/div><\/div><\/div><\/div><div class=\"fusion-clearfix\"><\/div><\/div><\/div><div class=\"fusion-layout-column fusion_builder_column fusion-builder-column-1 fusion_builder_column_3_5 3_5 fusion-three-fifth fusion-column-last\" style=\"--awb-bg-size:cover;width:60%;width:calc(60% - ( ( 4% ) * 0.6 ) );\"><div class=\"fusion-column-wrapper fusion-flex-column-wrapper-legacy\"><div class=\"fusion-column-content-centered\"><div class=\"fusion-column-content\"><div class=\"fusion-text fusion-text-1\"><h1>Quality and Technology<\/h1>\n<p>For\u00a0<strong>SOTRAFA<\/strong>, it is a challenge to maximize efficiency in our products for agriculture and waterproofing, maintaining an important compromise with environment.<\/p>\n<p>Our compromise therefore means we are continuously improving our processes, products and services.<\/p>\n<p>For this we rely on our state of the art RDI department (research, development and innovation), completing our production processes.<\/p>\n<p>Our interest in technology allows us a better efficiency, quality and consideration for the environment in all of our processes and products.<\/p>\n<p>Thanks to our own projects and those in collaboration with other companies, research centers, universities and associations, we have developed a new generation of plastics for agriculture and waterproofing, in response to demands from these sectors.<\/p>\n<p>In\u00a0<strong>SOTRAFA<\/strong>, we are convinced that our research and development objectives will permit us to anticipate future demands.<\/p>\n<\/div><\/div><\/div><div class=\"fusion-clearfix\"><\/div><\/div><\/div><\/div><\/div><div class=\"fusion-fullwidth fullwidth-box fusion-builder-row-2 nonhundred-percent-fullwidth non-hundred-percent-height-scrolling\" style=\"--awb-border-radius-top-left:0px;--awb-border-radius-top-right:0px;--awb-border-radius-bottom-right:0px;--awb-border-radius-bottom-left:0px;--awb-flex-wrap:wrap;\" ><div class=\"fusion-builder-row fusion-row\"><div class=\"fusion-layout-column fusion_builder_column fusion-builder-column-2 fusion_builder_column_1_1 1_1 fusion-one-full fusion-column-first fusion-column-last\" style=\"--awb-bg-size:cover;\"><div class=\"fusion-column-wrapper fusion-flex-column-wrapper-legacy\"><div class=\"fusion-title title fusion-title-1 fusion-title-text fusion-title-size-one\" style=\"--awb-margin-top-small:10px;--awb-margin-right-small:0px;--awb-margin-bottom-small:10px;--awb-margin-left-small:0px;\"><h1 class=\"fusion-title-heading title-heading-left\" style=\"margin:0;\">Quality certificates<\/h1><span class=\"awb-title-spacer\"><\/span><div class=\"title-sep-container\"><div class=\"title-sep sep-single sep-solid\" style=\"border-color:#e0dede;\"><\/div><\/div><\/div><div class=\"fusion-clearfix\"><\/div><\/div><\/div><\/div><\/div><div class=\"fusion-fullwidth fullwidth-box fusion-builder-row-3 nonhundred-percent-fullwidth non-hundred-percent-height-scrolling\" style=\"--awb-border-radius-top-left:0px;--awb-border-radius-top-right:0px;--awb-border-radius-bottom-right:0px;--awb-border-radius-bottom-left:0px;--awb-flex-wrap:wrap;\" ><div class=\"fusion-builder-row fusion-row\"><div class=\"fusion-layout-column fusion_builder_column fusion-builder-column-3 fusion_builder_column_1_5 1_5 fusion-one-fifth fusion-column-first\" style=\"--awb-bg-size:cover;width:20%;width:calc(20% - ( ( 4% + 4% + 4% + 4% ) * 0.2 ) );margin-right: 4%;\"><div class=\"fusion-column-wrapper fusion-flex-column-wrapper-legacy\"><div class=\"fusion-image-element in-legacy-container\" style=\"--awb-caption-title-font-family:var(--h2_typography-font-family);--awb-caption-title-font-weight:var(--h2_typography-font-weight);--awb-caption-title-font-style:var(--h2_typography-font-style);--awb-caption-title-size:var(--h2_typography-font-size);--awb-caption-title-transform:var(--h2_typography-text-transform);--awb-caption-title-line-height:var(--h2_typography-line-height);--awb-caption-title-letter-spacing:var(--h2_typography-letter-spacing);\"><span class=\" fusion-imageframe imageframe-none imageframe-2 hover-type-none\"><a class=\"fusion-no-lightbox\" href=\"https:\/\/sotrafa.com\/wp-content\/uploads\/2020\/07\/CERTIFICADO-ISO9001.pdf\" target=\"_blank\" aria-label=\"gestion calidad\" rel=\"noopener noreferrer\"><img decoding=\"async\" width=\"968\" height=\"1362\" src=\"https:\/\/sotrafa.com\/wp-content\/uploads\/2018\/02\/gestion-calidad.png\" alt class=\"img-responsive wp-image-5736\" srcset=\"https:\/\/sotrafa.com\/wp-content\/uploads\/2018\/02\/gestion-calidad-200x281.png 200w, https:\/\/sotrafa.com\/wp-content\/uploads\/2018\/02\/gestion-calidad-400x563.png 400w, https:\/\/sotrafa.com\/wp-content\/uploads\/2018\/02\/gestion-calidad-600x844.png 600w, https:\/\/sotrafa.com\/wp-content\/uploads\/2018\/02\/gestion-calidad-800x1126.png 800w, https:\/\/sotrafa.com\/wp-content\/uploads\/2018\/02\/gestion-calidad.png 968w\" sizes=\"(max-width: 850px) 100vw, 200px\" \/><\/a><\/span><\/div><div class=\"fusion-text fusion-text-2\"><h3 style=\"text-align: center;\">ISO9001 CERTIFICATE<\/h3>\n<\/div><div class=\"fusion-clearfix\"><\/div><\/div><\/div><div class=\"fusion-layout-column fusion_builder_column fusion-builder-column-4 fusion_builder_column_1_5 1_5 fusion-one-fifth\" style=\"--awb-bg-size:cover;width:20%;width:calc(20% - ( ( 4% + 4% + 4% + 4% ) * 0.2 ) );margin-right: 4%;\"><div class=\"fusion-column-wrapper fusion-flex-column-wrapper-legacy\"><div class=\"fusion-image-element in-legacy-container\" style=\"--awb-caption-title-font-family:var(--h2_typography-font-family);--awb-caption-title-font-weight:var(--h2_typography-font-weight);--awb-caption-title-font-style:var(--h2_typography-font-style);--awb-caption-title-size:var(--h2_typography-font-size);--awb-caption-title-transform:var(--h2_typography-text-transform);--awb-caption-title-line-height:var(--h2_typography-line-height);--awb-caption-title-letter-spacing:var(--h2_typography-letter-spacing);\"><span class=\" fusion-imageframe imageframe-none imageframe-3 hover-type-none\"><a class=\"fusion-no-lightbox\" href=\"https:\/\/sotrafa.com\/wp-content\/uploads\/2020\/07\/CERTIFICADO-IQNET.pdf\" target=\"_blank\" aria-label=\"iqnet\" rel=\"noopener noreferrer\"><img decoding=\"async\" width=\"966\" height=\"1366\" src=\"https:\/\/sotrafa.com\/wp-content\/uploads\/2018\/02\/iqnet.png\" alt class=\"img-responsive wp-image-5737\" srcset=\"https:\/\/sotrafa.com\/wp-content\/uploads\/2018\/02\/iqnet-200x283.png 200w, https:\/\/sotrafa.com\/wp-content\/uploads\/2018\/02\/iqnet-400x566.png 400w, https:\/\/sotrafa.com\/wp-content\/uploads\/2018\/02\/iqnet-600x848.png 600w, https:\/\/sotrafa.com\/wp-content\/uploads\/2018\/02\/iqnet-800x1131.png 800w, https:\/\/sotrafa.com\/wp-content\/uploads\/2018\/02\/iqnet.png 966w\" sizes=\"(max-width: 850px) 100vw, 200px\" \/><\/a><\/span><\/div><div class=\"fusion-text fusion-text-3\"><h3 style=\"text-align: center;\">IQNET CERTIFICATE<\/h3>\n<\/div><div class=\"fusion-clearfix\"><\/div><\/div><\/div><div class=\"fusion-layout-column fusion_builder_column fusion-builder-column-5 fusion_builder_column_1_5 1_5 fusion-one-fifth\" style=\"--awb-bg-size:cover;width:20%;width:calc(20% - ( ( 4% + 4% + 4% + 4% ) * 0.2 ) );margin-right: 4%;\"><div class=\"fusion-column-wrapper fusion-flex-column-wrapper-legacy\"><div class=\"fusion-image-element in-legacy-container\" style=\"--awb-caption-title-font-family:var(--h2_typography-font-family);--awb-caption-title-font-weight:var(--h2_typography-font-weight);--awb-caption-title-font-style:var(--h2_typography-font-style);--awb-caption-title-size:var(--h2_typography-font-size);--awb-caption-title-transform:var(--h2_typography-text-transform);--awb-caption-title-line-height:var(--h2_typography-line-height);--awb-caption-title-letter-spacing:var(--h2_typography-letter-spacing);\"><span class=\" fusion-imageframe imageframe-none imageframe-4 hover-type-none\"><a class=\"fusion-no-lightbox\" href=\"https:\/\/sotrafa.com\/wp-content\/uploads\/2021\/04\/ENG-Certificate-of-Conformity-of-the-Factory-Production-Control-CEA86CPD-3000015-vto.2022-03-29.pdf\" target=\"_blank\" aria-label=\"Certificado ISO9001 (v07-2021)\" rel=\"noopener noreferrer\"><img decoding=\"async\" width=\"800\" height=\"1131\" src=\"https:\/\/sotrafa.com\/wp-content\/uploads\/2019\/09\/Certificado-ISO9001-v07-2021-800x1131.jpg\" alt class=\"img-responsive wp-image-5973\" srcset=\"https:\/\/sotrafa.com\/wp-content\/uploads\/2019\/09\/Certificado-ISO9001-v07-2021-200x283.jpg 200w, https:\/\/sotrafa.com\/wp-content\/uploads\/2019\/09\/Certificado-ISO9001-v07-2021-400x565.jpg 400w, https:\/\/sotrafa.com\/wp-content\/uploads\/2019\/09\/Certificado-ISO9001-v07-2021-600x848.jpg 600w, https:\/\/sotrafa.com\/wp-content\/uploads\/2019\/09\/Certificado-ISO9001-v07-2021-800x1131.jpg 800w, https:\/\/sotrafa.com\/wp-content\/uploads\/2019\/09\/Certificado-ISO9001-v07-2021.jpg 1026w\" sizes=\"(max-width: 850px) 100vw, 200px\" \/><\/a><\/span><\/div><div class=\"fusion-text fusion-text-4\"><h3 style=\"text-align: center;\">AENOR CERTIFICATE<\/h3>\n<\/div><div class=\"fusion-clearfix\"><\/div><\/div><\/div><div class=\"fusion-layout-column fusion_builder_column fusion-builder-column-6 fusion_builder_column_1_5 1_5 fusion-one-fifth\" style=\"--awb-bg-size:cover;width:20%;width:calc(20% - ( ( 4% + 4% + 4% + 4% ) * 0.2 ) );margin-right: 4%;\"><div class=\"fusion-column-wrapper fusion-flex-column-wrapper-legacy\"><div class=\"fusion-image-element in-legacy-container\" style=\"--awb-caption-title-font-family:var(--h2_typography-font-family);--awb-caption-title-font-weight:var(--h2_typography-font-weight);--awb-caption-title-font-style:var(--h2_typography-font-style);--awb-caption-title-size:var(--h2_typography-font-size);--awb-caption-title-transform:var(--h2_typography-text-transform);--awb-caption-title-line-height:var(--h2_typography-line-height);--awb-caption-title-letter-spacing:var(--h2_typography-letter-spacing);\"><span class=\" fusion-imageframe imageframe-none imageframe-5 hover-type-none\"><a class=\"fusion-no-lightbox\" href=\"https:\/\/sotrafa.com\/wp-content\/uploads\/2021\/03\/QUALITYENVIRONMENTAL-POLICY18.pdf\" target=\"_blank\" aria-label=\"politica_de_calidad_01\" rel=\"noopener noreferrer\"><img decoding=\"async\" width=\"1364\" height=\"1928\" src=\"https:\/\/sotrafa.com\/wp-content\/uploads\/2024\/10\/politica_de_calidad_01.jpg\" alt class=\"img-responsive wp-image-6486\" srcset=\"https:\/\/sotrafa.com\/wp-content\/uploads\/2024\/10\/politica_de_calidad_01-200x283.jpg 200w, https:\/\/sotrafa.com\/wp-content\/uploads\/2024\/10\/politica_de_calidad_01-400x565.jpg 400w, https:\/\/sotrafa.com\/wp-content\/uploads\/2024\/10\/politica_de_calidad_01-600x848.jpg 600w, https:\/\/sotrafa.com\/wp-content\/uploads\/2024\/10\/politica_de_calidad_01-800x1131.jpg 800w, https:\/\/sotrafa.com\/wp-content\/uploads\/2024\/10\/politica_de_calidad_01-1200x1696.jpg 1200w, https:\/\/sotrafa.com\/wp-content\/uploads\/2024\/10\/politica_de_calidad_01.jpg 1364w\" sizes=\"(max-width: 850px) 100vw, 200px\" \/><\/a><\/span><\/div><div class=\"fusion-text fusion-text-5\"><h3 style=\"text-align: center;\">QUALITY POLICY<\/h3>\n<\/div><div class=\"fusion-clearfix\"><\/div><\/div><\/div><div class=\"fusion-layout-column fusion_builder_column fusion-builder-column-7 fusion_builder_column_1_5 1_5 fusion-one-fifth fusion-column-last\" style=\"--awb-bg-size:cover;width:20%;width:calc(20% - ( ( 4% + 4% + 4% + 4% ) * 0.2 ) );\"><div class=\"fusion-column-wrapper fusion-flex-column-wrapper-legacy\"><div class=\"fusion-image-element in-legacy-container\" style=\"--awb-caption-title-font-family:var(--h2_typography-font-family);--awb-caption-title-font-weight:var(--h2_typography-font-weight);--awb-caption-title-font-style:var(--h2_typography-font-style);--awb-caption-title-size:var(--h2_typography-font-size);--awb-caption-title-transform:var(--h2_typography-text-transform);--awb-caption-title-line-height:var(--h2_typography-line-height);--awb-caption-title-letter-spacing:var(--h2_typography-letter-spacing);\"><span class=\" fusion-imageframe imageframe-none imageframe-6 hover-type-none\"><a class=\"fusion-no-lightbox\" href=\"https:\/\/sotrafa.com\/wp-content\/uploads\/2025\/03\/aenor-Certificate-of-conformity-of-the-factory-producion-control.pdf\" target=\"_blank\" aria-label=\"aenor-certificate-english\" rel=\"noopener noreferrer\"><img decoding=\"async\" width=\"800\" height=\"1133\" src=\"https:\/\/sotrafa.com\/wp-content\/uploads\/2025\/03\/aenor-certificate-english.jpg\" alt class=\"img-responsive wp-image-6539\" srcset=\"https:\/\/sotrafa.com\/wp-content\/uploads\/2025\/03\/aenor-certificate-english-200x283.jpg 200w, https:\/\/sotrafa.com\/wp-content\/uploads\/2025\/03\/aenor-certificate-english-400x567.jpg 400w, https:\/\/sotrafa.com\/wp-content\/uploads\/2025\/03\/aenor-certificate-english-600x850.jpg 600w, https:\/\/sotrafa.com\/wp-content\/uploads\/2025\/03\/aenor-certificate-english.jpg 800w\" sizes=\"(max-width: 850px) 100vw, 200px\" \/><\/a><\/span><\/div><div class=\"fusion-text fusion-text-6\"><h3 style=\"text-align: center;\">AENOR CERTIFICATE<\/h3>\n<\/div><div class=\"fusion-clearfix\"><\/div><\/div><\/div><\/div><\/div><\/p>\n","protected":false},"excerpt":{"rendered":"","protected":false},"author":2,"featured_media":0,"parent":0,"menu_order":0,"comment_status":"closed","ping_status":"closed","template":"","meta":{"footnotes":""},"class_list":["post-2943","page","type-page","status-publish","hentry"],"yoast_head":"<!-- This site is optimized with the Yoast SEO plugin v27.3 - https:\/\/yoast.com\/product\/yoast-seo-wordpress\/ -->\n<title>Quality and Technology - Sotrafa<\/title>\n<meta name=\"robots\" content=\"index, follow, max-snippet:-1, max-image-preview:large, max-video-preview:-1\" \/>\n<link rel=\"canonical\" href=\"https:\/\/sotrafa.com\/en\/quality-and-technology\/\" \/>\n<meta property=\"og:locale\" content=\"en_US\" \/>\n<meta property=\"og:type\" content=\"article\" \/>\n<meta property=\"og:title\" content=\"Quality and Technology - Sotrafa\" \/>\n<meta property=\"og:url\" content=\"https:\/\/sotrafa.com\/en\/quality-and-technology\/\" \/>\n<meta property=\"og:site_name\" content=\"Sotrafa\" \/>\n<meta property=\"article:modified_time\" content=\"2025-03-18T12:41:55+00:00\" \/>\n<meta name=\"twitter:card\" content=\"summary_large_image\" \/>\n<meta name=\"twitter:label1\" content=\"Est. reading time\" \/>\n\t<meta name=\"twitter:data1\" content=\"2 minutes\" \/>\n<script type=\"application\/ld+json\" class=\"yoast-schema-graph\">{\"@context\":\"https:\\\/\\\/schema.org\",\"@graph\":[{\"@type\":\"WebPage\",\"@id\":\"https:\\\/\\\/sotrafa.com\\\/en\\\/quality-and-technology\\\/\",\"url\":\"https:\\\/\\\/sotrafa.com\\\/en\\\/quality-and-technology\\\/\",\"name\":\"Quality and Technology - Sotrafa\",\"isPartOf\":{\"@id\":\"https:\\\/\\\/sotrafa.com\\\/#website\"},\"datePublished\":\"2018-02-22T10:25:12+00:00\",\"dateModified\":\"2025-03-18T12:41:55+00:00\",\"breadcrumb\":{\"@id\":\"https:\\\/\\\/sotrafa.com\\\/en\\\/quality-and-technology\\\/#breadcrumb\"},\"inLanguage\":\"en\",\"potentialAction\":[{\"@type\":\"ReadAction\",\"target\":[\"https:\\\/\\\/sotrafa.com\\\/en\\\/quality-and-technology\\\/\"]}]},{\"@type\":\"BreadcrumbList\",\"@id\":\"https:\\\/\\\/sotrafa.com\\\/en\\\/quality-and-technology\\\/#breadcrumb\",\"itemListElement\":[{\"@type\":\"ListItem\",\"position\":1,\"name\":\"Home\",\"item\":\"https:\\\/\\\/sotrafa.com\\\/en\\\/\"},{\"@type\":\"ListItem\",\"position\":2,\"name\":\"Quality and Technology\"}]},{\"@type\":\"WebSite\",\"@id\":\"https:\\\/\\\/sotrafa.com\\\/#website\",\"url\":\"https:\\\/\\\/sotrafa.com\\\/\",\"name\":\"Sotrafa\",\"description\":\"Producimos una amplia gama de Pl\u00e1sticos para uso agr\u00edcola y hort\u00edcola, ganadero, construcci\u00f3n, e impermeabilizaci\u00f3n.\",\"potentialAction\":[{\"@type\":\"SearchAction\",\"target\":{\"@type\":\"EntryPoint\",\"urlTemplate\":\"https:\\\/\\\/sotrafa.com\\\/?s={search_term_string}\"},\"query-input\":{\"@type\":\"PropertyValueSpecification\",\"valueRequired\":true,\"valueName\":\"search_term_string\"}}],\"inLanguage\":\"en\"}]}<\/script>\n<!-- \/ Yoast SEO plugin. -->","yoast_head_json":{"title":"Quality and Technology - Sotrafa","robots":{"index":"index","follow":"follow","max-snippet":"max-snippet:-1","max-image-preview":"max-image-preview:large","max-video-preview":"max-video-preview:-1"},"canonical":"https:\/\/sotrafa.com\/en\/quality-and-technology\/","og_locale":"en_US","og_type":"article","og_title":"Quality and Technology - Sotrafa","og_url":"https:\/\/sotrafa.com\/en\/quality-and-technology\/","og_site_name":"Sotrafa","article_modified_time":"2025-03-18T12:41:55+00:00","twitter_card":"summary_large_image","twitter_misc":{"Est. reading time":"2 minutes"},"schema":{"@context":"https:\/\/schema.org","@graph":[{"@type":"WebPage","@id":"https:\/\/sotrafa.com\/en\/quality-and-technology\/","url":"https:\/\/sotrafa.com\/en\/quality-and-technology\/","name":"Quality and Technology - Sotrafa","isPartOf":{"@id":"https:\/\/sotrafa.com\/#website"},"datePublished":"2018-02-22T10:25:12+00:00","dateModified":"2025-03-18T12:41:55+00:00","breadcrumb":{"@id":"https:\/\/sotrafa.com\/en\/quality-and-technology\/#breadcrumb"},"inLanguage":"en","potentialAction":[{"@type":"ReadAction","target":["https:\/\/sotrafa.com\/en\/quality-and-technology\/"]}]},{"@type":"BreadcrumbList","@id":"https:\/\/sotrafa.com\/en\/quality-and-technology\/#breadcrumb","itemListElement":[{"@type":"ListItem","position":1,"name":"Home","item":"https:\/\/sotrafa.com\/en\/"},{"@type":"ListItem","position":2,"name":"Quality and Technology"}]},{"@type":"WebSite","@id":"https:\/\/sotrafa.com\/#website","url":"https:\/\/sotrafa.com\/","name":"Sotrafa","description":"Producimos una amplia gama de Pl\u00e1sticos para uso agr\u00edcola y hort\u00edcola, ganadero, construcci\u00f3n, e impermeabilizaci\u00f3n.","potentialAction":[{"@type":"SearchAction","target":{"@type":"EntryPoint","urlTemplate":"https:\/\/sotrafa.com\/?s={search_term_string}"},"query-input":{"@type":"PropertyValueSpecification","valueRequired":true,"valueName":"search_term_string"}}],"inLanguage":"en"}]}},"_links":{"self":[{"href":"https:\/\/sotrafa.com\/en\/wp-json\/wp\/v2\/pages\/2943","targetHints":{"allow":["GET"]}}],"collection":[{"href":"https:\/\/sotrafa.com\/en\/wp-json\/wp\/v2\/pages"}],"about":[{"href":"https:\/\/sotrafa.com\/en\/wp-json\/wp\/v2\/types\/page"}],"author":[{"embeddable":true,"href":"https:\/\/sotrafa.com\/en\/wp-json\/wp\/v2\/users\/2"}],"replies":[{"embeddable":true,"href":"https:\/\/sotrafa.com\/en\/wp-json\/wp\/v2\/comments?post=2943"}],"version-history":[{"count":6,"href":"https:\/\/sotrafa.com\/en\/wp-json\/wp\/v2\/pages\/2943\/revisions"}],"predecessor-version":[{"id":6549,"href":"https:\/\/sotrafa.com\/en\/wp-json\/wp\/v2\/pages\/2943\/revisions\/6549"}],"wp:attachment":[{"href":"https:\/\/sotrafa.com\/en\/wp-json\/wp\/v2\/media?parent=2943"}],"curies":[{"name":"wp","href":"https:\/\/api.w.org\/{rel}","templated":true}]}}