{"id":2951,"date":"2018-02-22T12:04:32","date_gmt":"2018-02-22T11:04:32","guid":{"rendered":"http:\/\/clientes.plataformapublicidad.es\/sotrafa\/?page_id=2951"},"modified":"2018-04-19T15:36:16","modified_gmt":"2018-04-19T13:36:16","slug":"dsplus","status":"publish","type":"page","link":"https:\/\/sotrafa.com\/en\/dsplus\/","title":{"rendered":"DSPlus"},"content":{"rendered":"<div class=\"fusion-fullwidth fullwidth-box fusion-builder-row-1 nonhundred-percent-fullwidth non-hundred-percent-height-scrolling\" style=\"--awb-border-radius-top-left:0px;--awb-border-radius-top-right:0px;--awb-border-radius-bottom-right:0px;--awb-border-radius-bottom-left:0px;--awb-flex-wrap:wrap;\" ><div class=\"fusion-builder-row fusion-row\"><div class=\"fusion-layout-column fusion_builder_column fusion-builder-column-0 fusion_builder_column_1_1 1_1 fusion-one-full fusion-column-first fusion-column-last\" style=\"--awb-bg-size:cover;\"><div class=\"fusion-column-wrapper fusion-flex-column-wrapper-legacy\"><div class=\"fusion-text fusion-text-1\"><p>Multilayer co-extrusion film manufactured in thicknesses between 25 and 37,5 microns, for chemical disinfection, which includes barrier agents which makes the film more impermeable.<\/p>\n<h4>Improvements added to the product<\/h4>\n<ul>\n<li>Thermal properties<\/li>\n<li>Better impermeability<\/li>\n<li>Resistance to ultraviolet (UV) radiation and chemical attacks<\/li>\n<\/ul>\n<h4>More information:\u00a0<a href=\"https:\/\/sotrafa.com\/wp-content\/uploads\/2018\/02\/DISINFECTION_OF_AGRICULTURAL_SOILS_BY_USING_SPECIAL_PLASTICS.pdf\">DISINFECTION OF AGRICULTURAL SOILS BY USING SPECIAL PLASTICS<\/a><\/h4>\n<h4>Plus d\u2019informations:\u00a0<a href=\"https:\/\/sotrafa.com\/wp-content\/uploads\/2018\/02\/FILMS_SPCIAUX_POUR_LA_DESINFECTION_DES_SOLS_AGRICOLES.pdf\">FILMS SP\u00c9CIAUX POUR LA D\u00c9SINFECTION DES SOLS AGRICOLES<\/a><\/h4>\n<\/div><div class=\"fusion-title title fusion-title-1 fusion-title-text fusion-title-size-one\" style=\"--awb-margin-top-small:10px;--awb-margin-right-small:0px;--awb-margin-bottom-small:10px;--awb-margin-left-small:0px;\"><h1 class=\"fusion-title-heading title-heading-left\" style=\"margin:0;\">Properties and Applications<\/h1><span class=\"awb-title-spacer\"><\/span><div class=\"title-sep-container\"><div class=\"title-sep sep-single sep-solid\" style=\"border-color:#e0dede;\"><\/div><\/div><\/div><div class=\"fusion-text fusion-text-2\"><p>Good soil disinfection is important for higher yields and quality crops. Chemical disinfection is the most common technique, as it is a simple process incorporating all useful pesticides and herbicides.<\/p>\n<p>Chemical products emit gases when released, so it is essential to cover the ground to be treated with a non-porous film.<\/p>\n<p>DSPLUS film is specially manufactured to make a 100% successful disinfection process. Conventional films have a porosity allowing gases to escape. This means a more costly fumigation process, with less efficiency. The air inside the greenhouse becomes toxic with risks of chemical attacks to covers and a reduction in the duration of the material.<\/p>\n<p><img decoding=\"async\" class=\"size-medium wp-image-1394 aligncenter\" src=\"https:\/\/sotrafa.com\/wp-content\/uploads\/2018\/01\/Sin_fil_con_film-298x141.png\" alt=\"\" width=\"298\" height=\"141\" srcset=\"https:\/\/sotrafa.com\/wp-content\/uploads\/2018\/01\/Sin_fil_con_film-200x95.png 200w, https:\/\/sotrafa.com\/wp-content\/uploads\/2018\/01\/Sin_fil_con_film-298x141.png 298w, https:\/\/sotrafa.com\/wp-content\/uploads\/2018\/01\/Sin_fil_con_film.png 300w\" sizes=\"(max-width: 298px) 100vw, 298px\" \/><\/p>\n<\/div><div class=\"fusion-title title fusion-title-2 fusion-title-text fusion-title-size-one\" style=\"--awb-margin-top-small:10px;--awb-margin-right-small:0px;--awb-margin-bottom-small:10px;--awb-margin-left-small:0px;\"><h1 class=\"fusion-title-heading title-heading-left\" style=\"margin:0;\">Advantages<\/h1><span class=\"awb-title-spacer\"><\/span><div class=\"title-sep-container\"><div class=\"title-sep sep-single sep-solid\" style=\"border-color:#e0dede;\"><\/div><\/div><\/div><ul style=\"--awb-size:13px;--awb-line-height:22.1px;--awb-icon-width:22.1px;--awb-icon-height:22.1px;--awb-icon-margin:9.1px;--awb-content-margin:31.2px;\" class=\"fusion-checklist fusion-checklist-1 fusion-checklist-default type-icons stk-category-list\"><li class=\"fusion-li-item\" style=\"\"><span class=\"icon-wrapper circle-no\"><i class=\"fusion-li-icon fa fa-stop\" aria-hidden=\"true\"><\/i><\/span><div class=\"fusion-li-item-content\">\n<p>Prevents loss of gases, thus improving costs.<\/p>\n<\/div><\/li><li class=\"fusion-li-item\" style=\"\"><span class=\"icon-wrapper circle-no\"><i class=\"fusion-li-icon fa fa-stop\" aria-hidden=\"true\"><\/i><\/span><div class=\"fusion-li-item-content\">\n<p>Disinfection effectiveness increment.<\/p>\n<\/div><\/li><li class=\"fusion-li-item\" style=\"\"><span class=\"icon-wrapper circle-no\"><i class=\"fusion-li-icon fa fa-stop\" aria-hidden=\"true\"><\/i><\/span><div class=\"fusion-li-item-content\">\n<p>Avoids risks of toxicity inside the greenhouse.<\/p>\n<\/div><\/li><li class=\"fusion-li-item\" style=\"\"><span class=\"icon-wrapper circle-no\"><i class=\"fusion-li-icon fa fa-stop\" aria-hidden=\"true\"><\/i><\/span><div class=\"fusion-li-item-content\">\n<p>Cover protection of chemical attacks.<\/p>\n<\/div><\/li><\/ul><div class=\"fusion-sep-clear\"><\/div><div class=\"fusion-separator fusion-full-width-sep\" style=\"margin-left: auto;margin-right: auto;margin-bottom:20px;width:100%;\"><div class=\"fusion-separator-border sep-single sep-solid\" style=\"--awb-height:20px;--awb-amount:20px;border-color:#e0dede;border-top-width:1px;\"><\/div><\/div><div class=\"fusion-sep-clear\"><\/div><div class=\"fusion-text fusion-text-3\"><p style=\"font-size: 12px; font-style: italic; font-variant: normal; font-weight: 100; line-height: 14px;\">(*) Minimum duration guaranteed will depend on climatology and radiation of the country or zone where the film is going to be used, and the thickness of this.<\/p>\n<\/div><div class='w3eden'><!-- WPDM Link Template: Default Template -->\n\n\n<div class=\"wpdm-link-tpl link-btn [color]\" data-durl=\"https:\/\/sotrafa.com\/en\/download\/technical-data-sheet-dsplus\/?wpdmdl=3461&refresh=69f2346666b051777480806\" >\n    <div class=\"media\">\n        <div class=\"pull-left\"><i class=\"fa fa-file-o fa-4x\"><\/i><\/div>\n        <div class=\"media-body\"><strong class=\"ptitle\">Technical Data Sheet - DSPlus<\/strong>\n            <div><strong><a class='wpdm-download-link download-on-click btn btn-primary ' rel='nofollow' href='#' data-downloadurl=\"https:\/\/sotrafa.com\/en\/download\/technical-data-sheet-dsplus\/?wpdmdl=3461&refresh=69f2346666b051777480806\">Download<\/a><\/strong><\/div>\n        <\/div>\n    <\/div>\n<\/div>\n<div style=\"clear: both\"><\/div>\n<\/div><div class=\"fusion-clearfix\"><\/div><\/div><\/div><\/div><\/div>\n","protected":false},"excerpt":{"rendered":"","protected":false},"author":2,"featured_media":1393,"parent":0,"menu_order":0,"comment_status":"closed","ping_status":"closed","template":"","meta":{"footnotes":""},"class_list":["post-2951","page","type-page","status-publish","has-post-thumbnail","hentry"],"yoast_head":"<!-- This site is optimized with the Yoast SEO plugin v27.3 - https:\/\/yoast.com\/product\/yoast-seo-wordpress\/ -->\n<title>DSPlus - Sotrafa<\/title>\n<meta name=\"robots\" content=\"index, follow, max-snippet:-1, max-image-preview:large, max-video-preview:-1\" \/>\n<link rel=\"canonical\" href=\"https:\/\/sotrafa.com\/en\/dsplus\/\" \/>\n<meta property=\"og:locale\" content=\"en_US\" \/>\n<meta property=\"og:type\" content=\"article\" \/>\n<meta property=\"og:title\" content=\"DSPlus - Sotrafa\" \/>\n<meta property=\"og:url\" content=\"https:\/\/sotrafa.com\/en\/dsplus\/\" \/>\n<meta property=\"og:site_name\" content=\"Sotrafa\" \/>\n<meta property=\"article:modified_time\" content=\"2018-04-19T13:36:16+00:00\" \/>\n<meta property=\"og:image\" content=\"https:\/\/sotrafa.com\/wp-content\/uploads\/2018\/01\/FOTO-DS-PLUS-1024x768.jpg\" \/>\n\t<meta property=\"og:image:width\" content=\"1024\" \/>\n\t<meta property=\"og:image:height\" content=\"768\" \/>\n\t<meta property=\"og:image:type\" content=\"image\/jpeg\" \/>\n<meta name=\"twitter:card\" content=\"summary_large_image\" \/>\n<meta name=\"twitter:label1\" content=\"Est. reading time\" \/>\n\t<meta name=\"twitter:data1\" content=\"3 minutes\" \/>\n<script type=\"application\/ld+json\" class=\"yoast-schema-graph\">{\"@context\":\"https:\\\/\\\/schema.org\",\"@graph\":[{\"@type\":\"WebPage\",\"@id\":\"https:\\\/\\\/sotrafa.com\\\/en\\\/dsplus\\\/\",\"url\":\"https:\\\/\\\/sotrafa.com\\\/en\\\/dsplus\\\/\",\"name\":\"DSPlus - Sotrafa\",\"isPartOf\":{\"@id\":\"https:\\\/\\\/sotrafa.com\\\/#website\"},\"primaryImageOfPage\":{\"@id\":\"https:\\\/\\\/sotrafa.com\\\/en\\\/dsplus\\\/#primaryimage\"},\"image\":{\"@id\":\"https:\\\/\\\/sotrafa.com\\\/en\\\/dsplus\\\/#primaryimage\"},\"thumbnailUrl\":\"https:\\\/\\\/sotrafa.com\\\/wp-content\\\/uploads\\\/2018\\\/01\\\/FOTO-DS-PLUS.jpg\",\"datePublished\":\"2018-02-22T11:04:32+00:00\",\"dateModified\":\"2018-04-19T13:36:16+00:00\",\"breadcrumb\":{\"@id\":\"https:\\\/\\\/sotrafa.com\\\/en\\\/dsplus\\\/#breadcrumb\"},\"inLanguage\":\"en\",\"potentialAction\":[{\"@type\":\"ReadAction\",\"target\":[\"https:\\\/\\\/sotrafa.com\\\/en\\\/dsplus\\\/\"]}]},{\"@type\":\"ImageObject\",\"inLanguage\":\"en\",\"@id\":\"https:\\\/\\\/sotrafa.com\\\/en\\\/dsplus\\\/#primaryimage\",\"url\":\"https:\\\/\\\/sotrafa.com\\\/wp-content\\\/uploads\\\/2018\\\/01\\\/FOTO-DS-PLUS.jpg\",\"contentUrl\":\"https:\\\/\\\/sotrafa.com\\\/wp-content\\\/uploads\\\/2018\\\/01\\\/FOTO-DS-PLUS.jpg\",\"width\":3264,\"height\":2448},{\"@type\":\"BreadcrumbList\",\"@id\":\"https:\\\/\\\/sotrafa.com\\\/en\\\/dsplus\\\/#breadcrumb\",\"itemListElement\":[{\"@type\":\"ListItem\",\"position\":1,\"name\":\"Home\",\"item\":\"https:\\\/\\\/sotrafa.com\\\/en\\\/\"},{\"@type\":\"ListItem\",\"position\":2,\"name\":\"DSPlus\"}]},{\"@type\":\"WebSite\",\"@id\":\"https:\\\/\\\/sotrafa.com\\\/#website\",\"url\":\"https:\\\/\\\/sotrafa.com\\\/\",\"name\":\"Sotrafa\",\"description\":\"Producimos una amplia gama de Pl\u00e1sticos para uso agr\u00edcola y hort\u00edcola, ganadero, construcci\u00f3n, e impermeabilizaci\u00f3n.\",\"potentialAction\":[{\"@type\":\"SearchAction\",\"target\":{\"@type\":\"EntryPoint\",\"urlTemplate\":\"https:\\\/\\\/sotrafa.com\\\/?s={search_term_string}\"},\"query-input\":{\"@type\":\"PropertyValueSpecification\",\"valueRequired\":true,\"valueName\":\"search_term_string\"}}],\"inLanguage\":\"en\"}]}<\/script>\n<!-- \/ Yoast SEO plugin. -->","yoast_head_json":{"title":"DSPlus - Sotrafa","robots":{"index":"index","follow":"follow","max-snippet":"max-snippet:-1","max-image-preview":"max-image-preview:large","max-video-preview":"max-video-preview:-1"},"canonical":"https:\/\/sotrafa.com\/en\/dsplus\/","og_locale":"en_US","og_type":"article","og_title":"DSPlus - Sotrafa","og_url":"https:\/\/sotrafa.com\/en\/dsplus\/","og_site_name":"Sotrafa","article_modified_time":"2018-04-19T13:36:16+00:00","og_image":[{"width":1024,"height":768,"url":"https:\/\/sotrafa.com\/wp-content\/uploads\/2018\/01\/FOTO-DS-PLUS-1024x768.jpg","type":"image\/jpeg"}],"twitter_card":"summary_large_image","twitter_misc":{"Est. reading time":"3 minutes"},"schema":{"@context":"https:\/\/schema.org","@graph":[{"@type":"WebPage","@id":"https:\/\/sotrafa.com\/en\/dsplus\/","url":"https:\/\/sotrafa.com\/en\/dsplus\/","name":"DSPlus - Sotrafa","isPartOf":{"@id":"https:\/\/sotrafa.com\/#website"},"primaryImageOfPage":{"@id":"https:\/\/sotrafa.com\/en\/dsplus\/#primaryimage"},"image":{"@id":"https:\/\/sotrafa.com\/en\/dsplus\/#primaryimage"},"thumbnailUrl":"https:\/\/sotrafa.com\/wp-content\/uploads\/2018\/01\/FOTO-DS-PLUS.jpg","datePublished":"2018-02-22T11:04:32+00:00","dateModified":"2018-04-19T13:36:16+00:00","breadcrumb":{"@id":"https:\/\/sotrafa.com\/en\/dsplus\/#breadcrumb"},"inLanguage":"en","potentialAction":[{"@type":"ReadAction","target":["https:\/\/sotrafa.com\/en\/dsplus\/"]}]},{"@type":"ImageObject","inLanguage":"en","@id":"https:\/\/sotrafa.com\/en\/dsplus\/#primaryimage","url":"https:\/\/sotrafa.com\/wp-content\/uploads\/2018\/01\/FOTO-DS-PLUS.jpg","contentUrl":"https:\/\/sotrafa.com\/wp-content\/uploads\/2018\/01\/FOTO-DS-PLUS.jpg","width":3264,"height":2448},{"@type":"BreadcrumbList","@id":"https:\/\/sotrafa.com\/en\/dsplus\/#breadcrumb","itemListElement":[{"@type":"ListItem","position":1,"name":"Home","item":"https:\/\/sotrafa.com\/en\/"},{"@type":"ListItem","position":2,"name":"DSPlus"}]},{"@type":"WebSite","@id":"https:\/\/sotrafa.com\/#website","url":"https:\/\/sotrafa.com\/","name":"Sotrafa","description":"Producimos una amplia gama de Pl\u00e1sticos para uso agr\u00edcola y hort\u00edcola, ganadero, construcci\u00f3n, e impermeabilizaci\u00f3n.","potentialAction":[{"@type":"SearchAction","target":{"@type":"EntryPoint","urlTemplate":"https:\/\/sotrafa.com\/?s={search_term_string}"},"query-input":{"@type":"PropertyValueSpecification","valueRequired":true,"valueName":"search_term_string"}}],"inLanguage":"en"}]}},"_links":{"self":[{"href":"https:\/\/sotrafa.com\/en\/wp-json\/wp\/v2\/pages\/2951","targetHints":{"allow":["GET"]}}],"collection":[{"href":"https:\/\/sotrafa.com\/en\/wp-json\/wp\/v2\/pages"}],"about":[{"href":"https:\/\/sotrafa.com\/en\/wp-json\/wp\/v2\/types\/page"}],"author":[{"embeddable":true,"href":"https:\/\/sotrafa.com\/en\/wp-json\/wp\/v2\/users\/2"}],"replies":[{"embeddable":true,"href":"https:\/\/sotrafa.com\/en\/wp-json\/wp\/v2\/comments?post=2951"}],"version-history":[{"count":0,"href":"https:\/\/sotrafa.com\/en\/wp-json\/wp\/v2\/pages\/2951\/revisions"}],"wp:featuredmedia":[{"embeddable":true,"href":"https:\/\/sotrafa.com\/en\/wp-json\/wp\/v2\/media\/1393"}],"wp:attachment":[{"href":"https:\/\/sotrafa.com\/en\/wp-json\/wp\/v2\/media?parent=2951"}],"curies":[{"name":"wp","href":"https:\/\/api.w.org\/{rel}","templated":true}]}}