{"id":2957,"date":"2018-02-22T12:17:50","date_gmt":"2018-02-22T11:17:50","guid":{"rendered":"http:\/\/clientes.plataformapublicidad.es\/sotrafa\/?page_id=2957"},"modified":"2018-05-04T11:24:07","modified_gmt":"2018-05-04T09:24:07","slug":"ecoplus-solarization","status":"publish","type":"page","link":"https:\/\/sotrafa.com\/en\/ecoplus-solarization\/","title":{"rendered":"ECOPlus  (Solarization)"},"content":{"rendered":"<div class=\"fusion-fullwidth fullwidth-box fusion-builder-row-1 nonhundred-percent-fullwidth non-hundred-percent-height-scrolling\" style=\"--awb-border-radius-top-left:0px;--awb-border-radius-top-right:0px;--awb-border-radius-bottom-right:0px;--awb-border-radius-bottom-left:0px;--awb-flex-wrap:wrap;\" ><div class=\"fusion-builder-row fusion-row\"><div class=\"fusion-layout-column fusion_builder_column fusion-builder-column-0 fusion_builder_column_1_1 1_1 fusion-one-full fusion-column-first fusion-column-last\" style=\"--awb-bg-size:cover;\"><div class=\"fusion-column-wrapper fusion-flex-column-wrapper-legacy\"><div class=\"fusion-text fusion-text-1\"><p>Multilayer co-extrusion film manufactured in thicknesses between 30 and 50 microns for the disinfection of agricultural land using the technique of solarization.<br \/>\nThis can be used in Greenhouses, Tunnels and on open fields.<\/p>\n<h4>Improvements added to the product<\/h4>\n<ul>\n<li>More thermal product, taking advantage of the long infrared radiation, that is, the energy the land emits during the night is retained and used. This way we avoid cooling effect which takes place at night when the solar energy is not present.<\/li>\n<li>Resistance to ultraviolet (UV) and chemical attacks (bio fumigation).<\/li>\n<\/ul>\n<h4>More information:\u00a0<a href=\"https:\/\/sotrafa.com\/wp-content\/uploads\/2018\/02\/DISINFECTION_OF_AGRICULTURAL_SOILS_BY_USING_SPECIAL_PLASTICS.pdf\">DISINFECTION OF AGRICULTURAL SOILS BY USING SPECIAL PLASTICS<\/a><\/h4>\n<h4>Plus d\u2019informations:\u00a0<a href=\"https:\/\/sotrafa.com\/wp-content\/uploads\/2018\/02\/FILMS_SPCIAUX_POUR_LA_DESINFECTION_DES_SOLS_AGRICOLES.pdf\">FILMS SP\u00c9CIAUX POUR LA D\u00c9SINFECTION DES SOLS AGRICOLES<\/a><\/h4>\n<\/div><div class=\"fusion-title title fusion-title-1 fusion-title-text fusion-title-size-one\" style=\"--awb-margin-top-small:10px;--awb-margin-right-small:0px;--awb-margin-bottom-small:10px;--awb-margin-left-small:0px;\"><h1 class=\"fusion-title-heading title-heading-left\" style=\"margin:0;\">Properties and Applications<\/h1><span class=\"awb-title-spacer\"><\/span><div class=\"title-sep-container\"><div class=\"title-sep sep-single sep-solid\" style=\"border-color:#e0dede;\"><\/div><\/div><\/div><div class=\"fusion-text fusion-text-2\"><p>Pathogenic organisms within the soil can affect crops, and decrease harvests. We can use either chemical products or the solarization to disinfect the ground.<br \/>\nThe technique known as \u201cSolarization\u201d combines the benefit of solar energy with the technology of our plastic films. It is an ecological and economic technique, and prevents the effect of harmful chemicals on cover films.<\/p>\n<\/div><div class=\"fusion-title title fusion-title-2 fusion-title-text fusion-title-size-three\" style=\"--awb-margin-top-small:10px;--awb-margin-right-small:0px;--awb-margin-bottom-small:10px;--awb-margin-left-small:0px;\"><h3 class=\"fusion-title-heading title-heading-left\" style=\"margin:0;\"><strong><span style=\"color: #000000;\">Advices for good solarization<\/span><\/strong><\/h3><span class=\"awb-title-spacer\"><\/span><div class=\"title-sep-container\"><div class=\"title-sep sep-single sep-solid\" style=\"border-color:#e0dede;\"><\/div><\/div><\/div><div class=\"fusion-text fusion-text-3\"><ul>\n<li>Remove all previous crops to prevent infections.<\/li>\n<li>Ensure an adequate level surface to maintain good contact between film and land.<\/li>\n<li>After placing Special Solarization Film, irrigate the ground at night or early morning to obtain good thermic transmission.<\/li>\n<li>Before planting, it is advisable not to disturb the soil lower than 25-30cms, to avoid infected earth.<\/li>\n<li>If solarization is to take place inside a greenhouse, the house must be closed and the cover film clean to ensure optimum temperature and radiation.<\/li>\n<li>Most pathogenic organisms have a limited life over 40\u00baC. A good solarization needs to support higher temperatures for better results. The film properties are an important factor to obtain a high temperature.<\/li>\n<\/ul>\n<\/div><div class=\"fusion-title title fusion-title-3 fusion-title-text fusion-title-size-one\" style=\"--awb-margin-top-small:10px;--awb-margin-right-small:0px;--awb-margin-bottom-small:10px;--awb-margin-left-small:0px;\"><h1 class=\"fusion-title-heading title-heading-left\" style=\"margin:0;\">Advantages<\/h1><span class=\"awb-title-spacer\"><\/span><div class=\"title-sep-container\"><div class=\"title-sep sep-single sep-solid\" style=\"border-color:#e0dede;\"><\/div><\/div><\/div><ul style=\"--awb-size:13px;--awb-line-height:22.1px;--awb-icon-width:22.1px;--awb-icon-height:22.1px;--awb-icon-margin:9.1px;--awb-content-margin:31.2px;\" class=\"fusion-checklist fusion-checklist-1 fusion-checklist-default type-icons stk-category-list\"><li class=\"fusion-li-item\" style=\"\"><span class=\"icon-wrapper circle-no\"><i class=\"fusion-li-icon fa fa-stop\" aria-hidden=\"true\"><\/i><\/span><div class=\"fusion-li-item-content\">\n<p>It reaches very high temperatures, which provides a greater efficiency of solarization.<\/p>\n<\/div><\/li><li class=\"fusion-li-item\" style=\"\"><span class=\"icon-wrapper circle-no\"><i class=\"fusion-li-icon fa fa-stop\" aria-hidden=\"true\"><\/i><\/span><div class=\"fusion-li-item-content\">\n<p>It increases mortality of pathogenic organisms.<\/p>\n<\/div><\/li><li class=\"fusion-li-item\" style=\"\"><span class=\"icon-wrapper circle-no\"><i class=\"fusion-li-icon fa fa-stop\" aria-hidden=\"true\"><\/i><\/span><div class=\"fusion-li-item-content\">\n<p>Reduces Solarization time (3-5 weeks)<\/p>\n<\/div><\/li><li class=\"fusion-li-item\" style=\"\"><span class=\"icon-wrapper circle-no\"><i class=\"fusion-li-icon fa fa-stop\" aria-hidden=\"true\"><\/i><\/span><div class=\"fusion-li-item-content\">\n<p>Reduces the effect of condensation allowing a faster heating up of the ground and for a longer time.<\/p>\n<\/div><\/li><li class=\"fusion-li-item\" style=\"\"><span class=\"icon-wrapper circle-no\"><i class=\"fusion-li-icon fa fa-stop\" aria-hidden=\"true\"><\/i><\/span><div class=\"fusion-li-item-content\">\n<p>Respects many of the beneficial organisms.<\/p>\n<\/div><\/li><\/ul><div class=\"fusion-sep-clear\"><\/div><div class=\"fusion-separator fusion-full-width-sep\" style=\"margin-left: auto;margin-right: auto;margin-bottom:20px;width:100%;\"><div class=\"fusion-separator-border sep-single sep-solid\" style=\"--awb-height:20px;--awb-amount:20px;border-color:#e0dede;border-top-width:1px;\"><\/div><\/div><div class=\"fusion-sep-clear\"><\/div><div class='w3eden'><!-- WPDM Link Template: Default Template -->\n\n\n<div class=\"wpdm-link-tpl link-btn [color]\" data-durl=\"https:\/\/sotrafa.com\/en\/download\/ft-ecoplus-eng\/?wpdmdl=4068&refresh=69f234be7ec281777480894\" >\n    <div class=\"media\">\n        <div class=\"pull-left\"><i class=\"fa fa-file-o fa-4x\"><\/i><\/div>\n        <div class=\"media-body\"><strong class=\"ptitle\">FT - ECOPLUS (eng)<\/strong>\n            <div><strong><a class='wpdm-download-link download-on-click btn btn-primary ' rel='nofollow' href='#' data-downloadurl=\"https:\/\/sotrafa.com\/en\/download\/ft-ecoplus-eng\/?wpdmdl=4068&refresh=69f234be7ec281777480894\">Download<\/a><\/strong><\/div>\n        <\/div>\n    <\/div>\n<\/div>\n<div style=\"clear: both\"><\/div>\n<\/div><div class=\"fusion-clearfix\"><\/div><\/div><\/div><\/div><\/div>\n","protected":false},"excerpt":{"rendered":"","protected":false},"author":2,"featured_media":1398,"parent":0,"menu_order":0,"comment_status":"closed","ping_status":"closed","template":"","meta":{"footnotes":""},"class_list":["post-2957","page","type-page","status-publish","has-post-thumbnail","hentry"],"yoast_head":"<!-- This site is optimized with the Yoast SEO plugin v27.3 - https:\/\/yoast.com\/product\/yoast-seo-wordpress\/ -->\n<title>ECOPlus (Solarization) - Sotrafa<\/title>\n<meta name=\"robots\" content=\"index, follow, max-snippet:-1, max-image-preview:large, max-video-preview:-1\" \/>\n<link rel=\"canonical\" href=\"https:\/\/sotrafa.com\/en\/ecoplus-solarization\/\" \/>\n<meta property=\"og:locale\" content=\"en_US\" \/>\n<meta property=\"og:type\" content=\"article\" \/>\n<meta property=\"og:title\" content=\"ECOPlus (Solarization) - Sotrafa\" \/>\n<meta property=\"og:url\" content=\"https:\/\/sotrafa.com\/en\/ecoplus-solarization\/\" \/>\n<meta property=\"og:site_name\" content=\"Sotrafa\" \/>\n<meta property=\"article:modified_time\" content=\"2018-05-04T09:24:07+00:00\" \/>\n<meta property=\"og:image\" content=\"https:\/\/sotrafa.com\/wp-content\/uploads\/2018\/01\/Foto-Eco-Plus.png\" \/>\n\t<meta property=\"og:image:width\" content=\"1140\" \/>\n\t<meta property=\"og:image:height\" content=\"855\" \/>\n\t<meta property=\"og:image:type\" content=\"image\/png\" \/>\n<meta name=\"twitter:card\" content=\"summary_large_image\" \/>\n<meta name=\"twitter:label1\" content=\"Est. reading time\" \/>\n\t<meta name=\"twitter:data1\" content=\"3 minutes\" \/>\n<script type=\"application\/ld+json\" class=\"yoast-schema-graph\">{\"@context\":\"https:\\\/\\\/schema.org\",\"@graph\":[{\"@type\":\"WebPage\",\"@id\":\"https:\\\/\\\/sotrafa.com\\\/en\\\/ecoplus-solarization\\\/\",\"url\":\"https:\\\/\\\/sotrafa.com\\\/en\\\/ecoplus-solarization\\\/\",\"name\":\"ECOPlus (Solarization) - Sotrafa\",\"isPartOf\":{\"@id\":\"https:\\\/\\\/sotrafa.com\\\/#website\"},\"primaryImageOfPage\":{\"@id\":\"https:\\\/\\\/sotrafa.com\\\/en\\\/ecoplus-solarization\\\/#primaryimage\"},\"image\":{\"@id\":\"https:\\\/\\\/sotrafa.com\\\/en\\\/ecoplus-solarization\\\/#primaryimage\"},\"thumbnailUrl\":\"https:\\\/\\\/sotrafa.com\\\/wp-content\\\/uploads\\\/2018\\\/01\\\/Foto-Eco-Plus.png\",\"datePublished\":\"2018-02-22T11:17:50+00:00\",\"dateModified\":\"2018-05-04T09:24:07+00:00\",\"breadcrumb\":{\"@id\":\"https:\\\/\\\/sotrafa.com\\\/en\\\/ecoplus-solarization\\\/#breadcrumb\"},\"inLanguage\":\"en\",\"potentialAction\":[{\"@type\":\"ReadAction\",\"target\":[\"https:\\\/\\\/sotrafa.com\\\/en\\\/ecoplus-solarization\\\/\"]}]},{\"@type\":\"ImageObject\",\"inLanguage\":\"en\",\"@id\":\"https:\\\/\\\/sotrafa.com\\\/en\\\/ecoplus-solarization\\\/#primaryimage\",\"url\":\"https:\\\/\\\/sotrafa.com\\\/wp-content\\\/uploads\\\/2018\\\/01\\\/Foto-Eco-Plus.png\",\"contentUrl\":\"https:\\\/\\\/sotrafa.com\\\/wp-content\\\/uploads\\\/2018\\\/01\\\/Foto-Eco-Plus.png\",\"width\":1140,\"height\":855,\"caption\":\"plastico-para-solarizacion-ecoplus\"},{\"@type\":\"BreadcrumbList\",\"@id\":\"https:\\\/\\\/sotrafa.com\\\/en\\\/ecoplus-solarization\\\/#breadcrumb\",\"itemListElement\":[{\"@type\":\"ListItem\",\"position\":1,\"name\":\"Home\",\"item\":\"https:\\\/\\\/sotrafa.com\\\/en\\\/\"},{\"@type\":\"ListItem\",\"position\":2,\"name\":\"ECOPlus (Solarization)\"}]},{\"@type\":\"WebSite\",\"@id\":\"https:\\\/\\\/sotrafa.com\\\/#website\",\"url\":\"https:\\\/\\\/sotrafa.com\\\/\",\"name\":\"Sotrafa\",\"description\":\"Producimos una amplia gama de Pl\u00e1sticos para uso agr\u00edcola y hort\u00edcola, ganadero, construcci\u00f3n, e impermeabilizaci\u00f3n.\",\"potentialAction\":[{\"@type\":\"SearchAction\",\"target\":{\"@type\":\"EntryPoint\",\"urlTemplate\":\"https:\\\/\\\/sotrafa.com\\\/?s={search_term_string}\"},\"query-input\":{\"@type\":\"PropertyValueSpecification\",\"valueRequired\":true,\"valueName\":\"search_term_string\"}}],\"inLanguage\":\"en\"}]}<\/script>\n<!-- \/ Yoast SEO plugin. -->","yoast_head_json":{"title":"ECOPlus (Solarization) - Sotrafa","robots":{"index":"index","follow":"follow","max-snippet":"max-snippet:-1","max-image-preview":"max-image-preview:large","max-video-preview":"max-video-preview:-1"},"canonical":"https:\/\/sotrafa.com\/en\/ecoplus-solarization\/","og_locale":"en_US","og_type":"article","og_title":"ECOPlus (Solarization) - Sotrafa","og_url":"https:\/\/sotrafa.com\/en\/ecoplus-solarization\/","og_site_name":"Sotrafa","article_modified_time":"2018-05-04T09:24:07+00:00","og_image":[{"width":1140,"height":855,"url":"https:\/\/sotrafa.com\/wp-content\/uploads\/2018\/01\/Foto-Eco-Plus.png","type":"image\/png"}],"twitter_card":"summary_large_image","twitter_misc":{"Est. reading time":"3 minutes"},"schema":{"@context":"https:\/\/schema.org","@graph":[{"@type":"WebPage","@id":"https:\/\/sotrafa.com\/en\/ecoplus-solarization\/","url":"https:\/\/sotrafa.com\/en\/ecoplus-solarization\/","name":"ECOPlus (Solarization) - Sotrafa","isPartOf":{"@id":"https:\/\/sotrafa.com\/#website"},"primaryImageOfPage":{"@id":"https:\/\/sotrafa.com\/en\/ecoplus-solarization\/#primaryimage"},"image":{"@id":"https:\/\/sotrafa.com\/en\/ecoplus-solarization\/#primaryimage"},"thumbnailUrl":"https:\/\/sotrafa.com\/wp-content\/uploads\/2018\/01\/Foto-Eco-Plus.png","datePublished":"2018-02-22T11:17:50+00:00","dateModified":"2018-05-04T09:24:07+00:00","breadcrumb":{"@id":"https:\/\/sotrafa.com\/en\/ecoplus-solarization\/#breadcrumb"},"inLanguage":"en","potentialAction":[{"@type":"ReadAction","target":["https:\/\/sotrafa.com\/en\/ecoplus-solarization\/"]}]},{"@type":"ImageObject","inLanguage":"en","@id":"https:\/\/sotrafa.com\/en\/ecoplus-solarization\/#primaryimage","url":"https:\/\/sotrafa.com\/wp-content\/uploads\/2018\/01\/Foto-Eco-Plus.png","contentUrl":"https:\/\/sotrafa.com\/wp-content\/uploads\/2018\/01\/Foto-Eco-Plus.png","width":1140,"height":855,"caption":"plastico-para-solarizacion-ecoplus"},{"@type":"BreadcrumbList","@id":"https:\/\/sotrafa.com\/en\/ecoplus-solarization\/#breadcrumb","itemListElement":[{"@type":"ListItem","position":1,"name":"Home","item":"https:\/\/sotrafa.com\/en\/"},{"@type":"ListItem","position":2,"name":"ECOPlus (Solarization)"}]},{"@type":"WebSite","@id":"https:\/\/sotrafa.com\/#website","url":"https:\/\/sotrafa.com\/","name":"Sotrafa","description":"Producimos una amplia gama de Pl\u00e1sticos para uso agr\u00edcola y hort\u00edcola, ganadero, construcci\u00f3n, e impermeabilizaci\u00f3n.","potentialAction":[{"@type":"SearchAction","target":{"@type":"EntryPoint","urlTemplate":"https:\/\/sotrafa.com\/?s={search_term_string}"},"query-input":{"@type":"PropertyValueSpecification","valueRequired":true,"valueName":"search_term_string"}}],"inLanguage":"en"}]}},"_links":{"self":[{"href":"https:\/\/sotrafa.com\/en\/wp-json\/wp\/v2\/pages\/2957","targetHints":{"allow":["GET"]}}],"collection":[{"href":"https:\/\/sotrafa.com\/en\/wp-json\/wp\/v2\/pages"}],"about":[{"href":"https:\/\/sotrafa.com\/en\/wp-json\/wp\/v2\/types\/page"}],"author":[{"embeddable":true,"href":"https:\/\/sotrafa.com\/en\/wp-json\/wp\/v2\/users\/2"}],"replies":[{"embeddable":true,"href":"https:\/\/sotrafa.com\/en\/wp-json\/wp\/v2\/comments?post=2957"}],"version-history":[{"count":0,"href":"https:\/\/sotrafa.com\/en\/wp-json\/wp\/v2\/pages\/2957\/revisions"}],"wp:featuredmedia":[{"embeddable":true,"href":"https:\/\/sotrafa.com\/en\/wp-json\/wp\/v2\/media\/1398"}],"wp:attachment":[{"href":"https:\/\/sotrafa.com\/en\/wp-json\/wp\/v2\/media?parent=2957"}],"curies":[{"name":"wp","href":"https:\/\/api.w.org\/{rel}","templated":true}]}}