{"id":2961,"date":"2018-01-30T10:46:52","date_gmt":"2018-01-30T09:46:52","guid":{"rendered":"http:\/\/clientes.plataformapublicidad.es\/sotrafa\/tif-film-totally-impermeable-film\/"},"modified":"2018-04-20T11:53:54","modified_gmt":"2018-04-20T09:53:54","slug":"dstif","status":"publish","type":"page","link":"https:\/\/sotrafa.com\/en\/dstif\/","title":{"rendered":"DSTIF"},"content":{"rendered":"<div class=\"fusion-fullwidth fullwidth-box fusion-builder-row-1 nonhundred-percent-fullwidth non-hundred-percent-height-scrolling\" style=\"--awb-border-radius-top-left:0px;--awb-border-radius-top-right:0px;--awb-border-radius-bottom-right:0px;--awb-border-radius-bottom-left:0px;--awb-flex-wrap:wrap;\" ><div class=\"fusion-builder-row fusion-row\"><div class=\"fusion-layout-column fusion_builder_column fusion-builder-column-0 fusion_builder_column_1_1 1_1 fusion-one-full fusion-column-first fusion-column-last\" style=\"--awb-bg-size:cover;\"><div class=\"fusion-column-wrapper fusion-flex-column-wrapper-legacy\"><div class=\"fusion-text fusion-text-1\"><p>Multilayer co-extrusion film manufactured in 30 microns, incorporating high gas barrier properties in one of the layers. This layer prevents fumigation gas release, thus improving the disinfection efficiency.<\/p>\n<\/div><div class=\"fusion-title title fusion-title-1 fusion-title-text fusion-title-size-one\" style=\"--awb-margin-top-small:10px;--awb-margin-right-small:0px;--awb-margin-bottom-small:10px;--awb-margin-left-small:0px;\"><h1 class=\"fusion-title-heading title-heading-left\" style=\"margin:0;\">Properties and Applications<\/h1><span class=\"awb-title-spacer\"><\/span><div class=\"title-sep-container\"><div class=\"title-sep sep-single sep-solid\" style=\"border-color:#e0dede;\"><\/div><\/div><\/div><div class=\"fusion-text fusion-text-2\"><p>Chemical products used for soil disinfection turn to a gaseous state when they are applied.<\/p>\n<p>These gases become toxic and attack greenhouses covers causing a reduction in duration. For this reason, it is necessary to cover the soil with a proper film to avoid gas dispersion.<\/p>\n<p>A traditional film has a degree of porosity which allows disinfectant release, making the process less effective and more expensive.<\/p>\n<p>An impermeable film is therefore essential to reach an effective and safe disinfection.<\/p>\n<ul>\n<li>Manufactured with a central barrier layer.<\/li>\n<li>Designed with an optimum UV resistance, maximizing the duration.<\/li>\n<li>High resistance to mechanical installation and uninstall.<\/li>\n<li>Reduces or removes odors and prevents gas release.<\/li>\n<\/ul>\n<\/div><div class=\"fusion-title title fusion-title-2 fusion-title-text fusion-title-size-one\" style=\"--awb-margin-top-small:10px;--awb-margin-right-small:0px;--awb-margin-bottom-small:10px;--awb-margin-left-small:0px;\"><h1 class=\"fusion-title-heading title-heading-left\" style=\"margin:0;\">Advantages<\/h1><span class=\"awb-title-spacer\"><\/span><div class=\"title-sep-container\"><div class=\"title-sep sep-single sep-solid\" style=\"border-color:#e0dede;\"><\/div><\/div><\/div><ul style=\"--awb-size:13px;--awb-line-height:22.1px;--awb-icon-width:22.1px;--awb-icon-height:22.1px;--awb-icon-margin:9.1px;--awb-content-margin:31.2px;\" class=\"fusion-checklist fusion-checklist-1 fusion-checklist-default type-icons stk-category-list\"><li class=\"fusion-li-item\" style=\"\"><span class=\"icon-wrapper circle-no\"><i class=\"fusion-li-icon fa fa-stop\" aria-hidden=\"true\"><\/i><\/span><div class=\"fusion-li-item-content\">\n<p>Reduces the amount of chemicals (dosage saving), as the film increase gas retention and consequently efficiency. Cost effective.<\/p>\n<\/div><\/li><li class=\"fusion-li-item\" style=\"\"><span class=\"icon-wrapper circle-no\"><i class=\"fusion-li-icon fa fa-stop\" aria-hidden=\"true\"><\/i><\/span><div class=\"fusion-li-item-content\">\n<p>Increment of biocide effectiveness with increased pathogen mortality. Higher control of weed growth, reduced nematode survival and improved performance.<\/p>\n<\/div><\/li><li class=\"fusion-li-item\" style=\"\"><span class=\"icon-wrapper circle-no\"><i class=\"fusion-li-icon fa fa-stop\" aria-hidden=\"true\"><\/i><\/span><div class=\"fusion-li-item-content\">\n<p>Less gas release and higher security \/ safety for users. Uniform distribution of the product.<\/p>\n<\/div><\/li><li class=\"fusion-li-item\" style=\"\"><span class=\"icon-wrapper circle-no\"><i class=\"fusion-li-icon fa fa-stop\" aria-hidden=\"true\"><\/i><\/span><div class=\"fusion-li-item-content\">\n<p>Reduction of environmental pollution.<\/p>\n<\/div><\/li><li class=\"fusion-li-item\" style=\"\"><span class=\"icon-wrapper circle-no\"><i class=\"fusion-li-icon fa fa-stop\" aria-hidden=\"true\"><\/i><\/span><div class=\"fusion-li-item-content\">\n<p>Anti UV treatment for a long duration.<\/p>\n<\/div><\/li><li class=\"fusion-li-item\" style=\"\"><span class=\"icon-wrapper circle-no\"><i class=\"fusion-li-icon fa fa-stop\" aria-hidden=\"true\"><\/i><\/span><div class=\"fusion-li-item-content\">\n<p>Excellent mechanical properties.<\/p>\n<\/div><\/li><li class=\"fusion-li-item\" style=\"\"><span class=\"icon-wrapper circle-no\"><i class=\"fusion-li-icon fa fa-stop\" aria-hidden=\"true\"><\/i><\/span><div class=\"fusion-li-item-content\">\n<p>Greenhouse cover protection.<\/p>\n<\/div><\/li><li class=\"fusion-li-item\" style=\"\"><span class=\"icon-wrapper circle-no\"><i class=\"fusion-li-icon fa fa-stop\" aria-hidden=\"true\"><\/i><\/span><div class=\"fusion-li-item-content\">\n<p>Reduction of the disinfection time which makes for an earlier protection.<\/p>\n<\/div><\/li><\/ul><div class=\"fusion-sep-clear\"><\/div><div class=\"fusion-separator fusion-full-width-sep\" style=\"margin-left: auto;margin-right: auto;margin-bottom:20px;width:100%;\"><div class=\"fusion-separator-border sep-single sep-solid\" style=\"--awb-height:20px;--awb-amount:20px;border-color:#e0dede;border-top-width:1px;\"><\/div><\/div><div class=\"fusion-sep-clear\"><\/div><div class='w3eden'><!-- WPDM Link Template: Default Template -->\n\n\n<div class=\"wpdm-link-tpl link-btn [color]\" data-durl=\"https:\/\/sotrafa.com\/en\/download\/technical-data-sheet-dstif\/?wpdmdl=3465&refresh=69f233b4858b41777480628\" >\n    <div class=\"media\">\n        <div class=\"pull-left\"><i class=\"fa fa-file-o fa-4x\"><\/i><\/div>\n        <div class=\"media-body\"><strong class=\"ptitle\">Technical Data Sheet - DSTIF<\/strong>\n            <div><strong><a class='wpdm-download-link download-on-click btn btn-primary ' rel='nofollow' href='#' data-downloadurl=\"https:\/\/sotrafa.com\/en\/download\/technical-data-sheet-dstif\/?wpdmdl=3465&refresh=69f233b4858b41777480628\">Download<\/a><\/strong><\/div>\n        <\/div>\n    <\/div>\n<\/div>\n<div style=\"clear: both\"><\/div>\n<\/div><div class=\"fusion-clearfix\"><\/div><\/div><\/div><\/div><\/div>\n","protected":false},"excerpt":{"rendered":"","protected":false},"author":2,"featured_media":934,"parent":0,"menu_order":0,"comment_status":"closed","ping_status":"closed","template":"","meta":{"footnotes":""},"class_list":["post-2961","page","type-page","status-publish","has-post-thumbnail","hentry"],"yoast_head":"<!-- This site is optimized with the Yoast SEO plugin v27.3 - https:\/\/yoast.com\/product\/yoast-seo-wordpress\/ -->\n<title>DSTIF - Sotrafa<\/title>\n<meta name=\"robots\" content=\"index, follow, max-snippet:-1, max-image-preview:large, max-video-preview:-1\" \/>\n<link rel=\"canonical\" href=\"https:\/\/sotrafa.com\/en\/dstif\/\" \/>\n<meta property=\"og:locale\" content=\"en_US\" \/>\n<meta property=\"og:type\" content=\"article\" \/>\n<meta property=\"og:title\" content=\"DSTIF - Sotrafa\" \/>\n<meta property=\"og:url\" content=\"https:\/\/sotrafa.com\/en\/dstif\/\" \/>\n<meta property=\"og:site_name\" content=\"Sotrafa\" \/>\n<meta property=\"article:modified_time\" content=\"2018-04-20T09:53:54+00:00\" \/>\n<meta property=\"og:image\" content=\"https:\/\/sotrafa.com\/wp-content\/uploads\/2017\/03\/TIF-Film.jpg\" \/>\n\t<meta property=\"og:image:width\" content=\"1200\" \/>\n\t<meta property=\"og:image:height\" content=\"420\" \/>\n\t<meta property=\"og:image:type\" content=\"image\/jpeg\" \/>\n<meta name=\"twitter:card\" content=\"summary_large_image\" \/>\n<meta name=\"twitter:label1\" content=\"Est. reading time\" \/>\n\t<meta name=\"twitter:data1\" content=\"3 minutes\" \/>\n<script type=\"application\/ld+json\" class=\"yoast-schema-graph\">{\"@context\":\"https:\\\/\\\/schema.org\",\"@graph\":[{\"@type\":\"WebPage\",\"@id\":\"https:\\\/\\\/sotrafa.com\\\/en\\\/dstif\\\/\",\"url\":\"https:\\\/\\\/sotrafa.com\\\/en\\\/dstif\\\/\",\"name\":\"DSTIF - Sotrafa\",\"isPartOf\":{\"@id\":\"https:\\\/\\\/sotrafa.com\\\/#website\"},\"primaryImageOfPage\":{\"@id\":\"https:\\\/\\\/sotrafa.com\\\/en\\\/dstif\\\/#primaryimage\"},\"image\":{\"@id\":\"https:\\\/\\\/sotrafa.com\\\/en\\\/dstif\\\/#primaryimage\"},\"thumbnailUrl\":\"https:\\\/\\\/sotrafa.com\\\/wp-content\\\/uploads\\\/2017\\\/03\\\/TIF-Film.jpg\",\"datePublished\":\"2018-01-30T09:46:52+00:00\",\"dateModified\":\"2018-04-20T09:53:54+00:00\",\"breadcrumb\":{\"@id\":\"https:\\\/\\\/sotrafa.com\\\/en\\\/dstif\\\/#breadcrumb\"},\"inLanguage\":\"en\",\"potentialAction\":[{\"@type\":\"ReadAction\",\"target\":[\"https:\\\/\\\/sotrafa.com\\\/en\\\/dstif\\\/\"]}]},{\"@type\":\"ImageObject\",\"inLanguage\":\"en\",\"@id\":\"https:\\\/\\\/sotrafa.com\\\/en\\\/dstif\\\/#primaryimage\",\"url\":\"https:\\\/\\\/sotrafa.com\\\/wp-content\\\/uploads\\\/2017\\\/03\\\/TIF-Film.jpg\",\"contentUrl\":\"https:\\\/\\\/sotrafa.com\\\/wp-content\\\/uploads\\\/2017\\\/03\\\/TIF-Film.jpg\",\"width\":1200,\"height\":420},{\"@type\":\"BreadcrumbList\",\"@id\":\"https:\\\/\\\/sotrafa.com\\\/en\\\/dstif\\\/#breadcrumb\",\"itemListElement\":[{\"@type\":\"ListItem\",\"position\":1,\"name\":\"Home\",\"item\":\"https:\\\/\\\/sotrafa.com\\\/en\\\/\"},{\"@type\":\"ListItem\",\"position\":2,\"name\":\"DSTIF\"}]},{\"@type\":\"WebSite\",\"@id\":\"https:\\\/\\\/sotrafa.com\\\/#website\",\"url\":\"https:\\\/\\\/sotrafa.com\\\/\",\"name\":\"Sotrafa\",\"description\":\"Producimos una amplia gama de Pl\u00e1sticos para uso agr\u00edcola y hort\u00edcola, ganadero, construcci\u00f3n, e impermeabilizaci\u00f3n.\",\"potentialAction\":[{\"@type\":\"SearchAction\",\"target\":{\"@type\":\"EntryPoint\",\"urlTemplate\":\"https:\\\/\\\/sotrafa.com\\\/?s={search_term_string}\"},\"query-input\":{\"@type\":\"PropertyValueSpecification\",\"valueRequired\":true,\"valueName\":\"search_term_string\"}}],\"inLanguage\":\"en\"}]}<\/script>\n<!-- \/ Yoast SEO plugin. -->","yoast_head_json":{"title":"DSTIF - Sotrafa","robots":{"index":"index","follow":"follow","max-snippet":"max-snippet:-1","max-image-preview":"max-image-preview:large","max-video-preview":"max-video-preview:-1"},"canonical":"https:\/\/sotrafa.com\/en\/dstif\/","og_locale":"en_US","og_type":"article","og_title":"DSTIF - Sotrafa","og_url":"https:\/\/sotrafa.com\/en\/dstif\/","og_site_name":"Sotrafa","article_modified_time":"2018-04-20T09:53:54+00:00","og_image":[{"width":1200,"height":420,"url":"https:\/\/sotrafa.com\/wp-content\/uploads\/2017\/03\/TIF-Film.jpg","type":"image\/jpeg"}],"twitter_card":"summary_large_image","twitter_misc":{"Est. reading time":"3 minutes"},"schema":{"@context":"https:\/\/schema.org","@graph":[{"@type":"WebPage","@id":"https:\/\/sotrafa.com\/en\/dstif\/","url":"https:\/\/sotrafa.com\/en\/dstif\/","name":"DSTIF - Sotrafa","isPartOf":{"@id":"https:\/\/sotrafa.com\/#website"},"primaryImageOfPage":{"@id":"https:\/\/sotrafa.com\/en\/dstif\/#primaryimage"},"image":{"@id":"https:\/\/sotrafa.com\/en\/dstif\/#primaryimage"},"thumbnailUrl":"https:\/\/sotrafa.com\/wp-content\/uploads\/2017\/03\/TIF-Film.jpg","datePublished":"2018-01-30T09:46:52+00:00","dateModified":"2018-04-20T09:53:54+00:00","breadcrumb":{"@id":"https:\/\/sotrafa.com\/en\/dstif\/#breadcrumb"},"inLanguage":"en","potentialAction":[{"@type":"ReadAction","target":["https:\/\/sotrafa.com\/en\/dstif\/"]}]},{"@type":"ImageObject","inLanguage":"en","@id":"https:\/\/sotrafa.com\/en\/dstif\/#primaryimage","url":"https:\/\/sotrafa.com\/wp-content\/uploads\/2017\/03\/TIF-Film.jpg","contentUrl":"https:\/\/sotrafa.com\/wp-content\/uploads\/2017\/03\/TIF-Film.jpg","width":1200,"height":420},{"@type":"BreadcrumbList","@id":"https:\/\/sotrafa.com\/en\/dstif\/#breadcrumb","itemListElement":[{"@type":"ListItem","position":1,"name":"Home","item":"https:\/\/sotrafa.com\/en\/"},{"@type":"ListItem","position":2,"name":"DSTIF"}]},{"@type":"WebSite","@id":"https:\/\/sotrafa.com\/#website","url":"https:\/\/sotrafa.com\/","name":"Sotrafa","description":"Producimos una amplia gama de Pl\u00e1sticos para uso agr\u00edcola y hort\u00edcola, ganadero, construcci\u00f3n, e impermeabilizaci\u00f3n.","potentialAction":[{"@type":"SearchAction","target":{"@type":"EntryPoint","urlTemplate":"https:\/\/sotrafa.com\/?s={search_term_string}"},"query-input":{"@type":"PropertyValueSpecification","valueRequired":true,"valueName":"search_term_string"}}],"inLanguage":"en"}]}},"_links":{"self":[{"href":"https:\/\/sotrafa.com\/en\/wp-json\/wp\/v2\/pages\/2961","targetHints":{"allow":["GET"]}}],"collection":[{"href":"https:\/\/sotrafa.com\/en\/wp-json\/wp\/v2\/pages"}],"about":[{"href":"https:\/\/sotrafa.com\/en\/wp-json\/wp\/v2\/types\/page"}],"author":[{"embeddable":true,"href":"https:\/\/sotrafa.com\/en\/wp-json\/wp\/v2\/users\/2"}],"replies":[{"embeddable":true,"href":"https:\/\/sotrafa.com\/en\/wp-json\/wp\/v2\/comments?post=2961"}],"version-history":[{"count":0,"href":"https:\/\/sotrafa.com\/en\/wp-json\/wp\/v2\/pages\/2961\/revisions"}],"wp:featuredmedia":[{"embeddable":true,"href":"https:\/\/sotrafa.com\/en\/wp-json\/wp\/v2\/media\/934"}],"wp:attachment":[{"href":"https:\/\/sotrafa.com\/en\/wp-json\/wp\/v2\/media?parent=2961"}],"curies":[{"name":"wp","href":"https:\/\/api.w.org\/{rel}","templated":true}]}}