{"id":3042,"date":"2018-02-27T11:19:06","date_gmt":"2018-02-27T10:19:06","guid":{"rendered":"http:\/\/clientes.plataformapublicidad.es\/sotrafa\/?page_id=3042"},"modified":"2018-04-19T13:42:29","modified_gmt":"2018-04-19T11:42:29","slug":"plastermic-range","status":"publish","type":"page","link":"https:\/\/sotrafa.com\/en\/plastermic-range\/","title":{"rendered":"Plastermic Range"},"content":{"rendered":"<p><div class=\"fusion-fullwidth fullwidth-box fusion-builder-row-1 nonhundred-percent-fullwidth non-hundred-percent-height-scrolling fusion-equal-height-columns\" style=\"--awb-border-radius-top-left:0px;--awb-border-radius-top-right:0px;--awb-border-radius-bottom-right:0px;--awb-border-radius-bottom-left:0px;--awb-flex-wrap:wrap;\" ><div class=\"fusion-builder-row fusion-row\"><div class=\"fusion-layout-column fusion_builder_column fusion-builder-column-0 fusion_builder_column_1_2 1_2 fusion-one-half fusion-column-first\" style=\"--awb-bg-size:cover;width:50%;width:calc(50% - ( ( 4% ) * 0.5 ) );margin-right: 4%;\"><div class=\"fusion-column-wrapper fusion-flex-column-wrapper-legacy\"><div class=\"fusion-image-element in-legacy-container\" style=\"--awb-caption-title-font-family:var(--h2_typography-font-family);--awb-caption-title-font-weight:var(--h2_typography-font-weight);--awb-caption-title-font-style:var(--h2_typography-font-style);--awb-caption-title-size:var(--h2_typography-font-size);--awb-caption-title-transform:var(--h2_typography-text-transform);--awb-caption-title-line-height:var(--h2_typography-line-height);--awb-caption-title-letter-spacing:var(--h2_typography-letter-spacing);\"><span class=\" fusion-imageframe imageframe-none imageframe-1 hover-type-none\"><img decoding=\"async\" width=\"800\" height=\"600\" title=\"PLAS1\" src=\"https:\/\/sotrafa.com\/wp-content\/uploads\/2018\/02\/PLAS1-800x600.png\" alt class=\"img-responsive wp-image-5845\" srcset=\"https:\/\/sotrafa.com\/wp-content\/uploads\/2018\/02\/PLAS1-200x150.png 200w, https:\/\/sotrafa.com\/wp-content\/uploads\/2018\/02\/PLAS1-400x300.png 400w, https:\/\/sotrafa.com\/wp-content\/uploads\/2018\/02\/PLAS1-600x450.png 600w, https:\/\/sotrafa.com\/wp-content\/uploads\/2018\/02\/PLAS1-800x600.png 800w, https:\/\/sotrafa.com\/wp-content\/uploads\/2018\/02\/PLAS1-1200x900.png 1200w, https:\/\/sotrafa.com\/wp-content\/uploads\/2018\/02\/PLAS1.png 1600w\" sizes=\"(max-width: 850px) 100vw, 600px\" \/><\/span><\/div><div class=\"fusion-clearfix\"><\/div><\/div><\/div><div class=\"fusion-layout-column fusion_builder_column fusion-builder-column-1 fusion_builder_column_1_2 1_2 fusion-one-half fusion-column-last\" style=\"--awb-bg-size:cover;width:50%;width:calc(50% - ( ( 4% ) * 0.5 ) );\"><div class=\"fusion-column-wrapper fusion-flex-column-wrapper-legacy\"><div class=\"fusion-column-content-centered\"><div class=\"fusion-column-content\"><div class=\"fusion-text fusion-text-1\"><div style=\"text-align: center;\">\n<div style=\"display: inline-block; text-align: left;\">\n<p>Thermic films, with LDPE base, Diffused (D), in White (H) or Yellow (N) colour, manufactured in multilayer coextrusion system and different thicknesses.<\/p>\n<\/div>\n<\/div>\n<\/div><\/div><\/div><div class=\"fusion-clearfix\"><\/div><\/div><\/div><div class=\"fusion-layout-column fusion_builder_column fusion-builder-column-2 fusion_builder_column_1_1 1_1 fusion-one-full fusion-column-first fusion-column-last fusion-column-no-min-height\" style=\"--awb-bg-size:cover;\"><div class=\"fusion-column-wrapper fusion-flex-column-wrapper-legacy\"><div class=\"fusion-title title fusion-title-1 fusion-title-text fusion-title-size-one\" style=\"--awb-margin-top-small:10px;--awb-margin-right-small:0px;--awb-margin-bottom-small:10px;--awb-margin-left-small:0px;\"><h1 class=\"fusion-title-heading title-heading-left\" style=\"margin:0;\">Characteristics<\/h1><span class=\"awb-title-spacer\"><\/span><div class=\"title-sep-container\"><div class=\"title-sep sep-single sep-solid\" style=\"border-color:#e0dede;\"><\/div><\/div><\/div><div class=\"fusion-clearfix\"><\/div><\/div><\/div><div class=\"fusion-layout-column fusion_builder_column fusion-builder-column-3 fusion_builder_column_1_1 1_1 fusion-one-full fusion-column-first fusion-column-last fusion-column-no-min-height stk-category-list\" style=\"--awb-bg-size:cover;\"><div class=\"fusion-column-wrapper fusion-flex-column-wrapper-legacy\"><ul style=\"--awb-size:13px;--awb-line-height:22.1px;--awb-icon-width:22.1px;--awb-icon-height:22.1px;--awb-icon-margin:9.1px;--awb-content-margin:31.2px;\" class=\"fusion-checklist fusion-checklist-1 fusion-checklist-default type-icons\"><li class=\"fusion-li-item\" style=\"\"><span class=\"icon-wrapper circle-no\"><i class=\"fusion-li-icon fa fa-stop\" aria-hidden=\"true\"><\/i><\/span><div class=\"fusion-li-item-content\">\n<p>Very good mechanical properties and excellent resistance to ageing and degradation for solar radiation or chemical attacks.<\/p>\n<\/div><\/li><li class=\"fusion-li-item\" style=\"\"><span class=\"icon-wrapper circle-no\"><i class=\"fusion-li-icon fa fa-stop\" aria-hidden=\"true\"><\/i><\/span><div class=\"fusion-li-item-content\">\n<p>High global transmission of visible light. Very good luminosity inside the greenhouse.<\/p>\n<\/div><\/li><li class=\"fusion-li-item\" style=\"\"><span class=\"icon-wrapper circle-no\"><i class=\"fusion-li-icon fa fa-stop\" aria-hidden=\"true\"><\/i><\/span><div class=\"fusion-li-item-content\">\n<p>High light diffusion, avoiding shadows and allowing equal distribution of light across the crop, thus increasing yield.<\/p>\n<\/div><\/li><li class=\"fusion-li-item\" style=\"\"><span class=\"icon-wrapper circle-no\"><i class=\"fusion-li-icon fa fa-stop\" aria-hidden=\"true\"><\/i><\/span><div class=\"fusion-li-item-content\">\n<p>Optimum thermos-isolating effect, avoiding night cooling and risk of frost.<\/p>\n<\/div><\/li><li class=\"fusion-li-item\" style=\"\"><span class=\"icon-wrapper circle-no\"><i class=\"fusion-li-icon fa fa-stop\" aria-hidden=\"true\"><\/i><\/span><div class=\"fusion-li-item-content\">\n<p>Recommended for climates with sharp differences in temperature between day and night.<\/p>\n<\/div><\/li><li class=\"fusion-li-item\" style=\"\"><span class=\"icon-wrapper circle-no\"><i class=\"fusion-li-icon fa fa-stop\" aria-hidden=\"true\"><\/i><\/span><div class=\"fusion-li-item-content\">\n<p>The minimum duration guaranteed will depend on climatology, solar radiation of the zone and thickness of the film. Actually, the guarantee for this range can achieve 2 years, with 200 microns and 155 Klys.<\/p>\n<\/div><\/li><\/ul><div class=\"fusion-clearfix\"><\/div><\/div><\/div><\/div><\/div><div class=\"fusion-fullwidth fullwidth-box fusion-builder-row-2 nonhundred-percent-fullwidth non-hundred-percent-height-scrolling\" style=\"--awb-border-radius-top-left:0px;--awb-border-radius-top-right:0px;--awb-border-radius-bottom-right:0px;--awb-border-radius-bottom-left:0px;--awb-flex-wrap:wrap;\" ><div class=\"fusion-builder-row fusion-row\"><div class=\"fusion-layout-column fusion_builder_column fusion-builder-column-4 fusion_builder_column_1_1 1_1 fusion-one-full fusion-column-first fusion-column-last\" style=\"--awb-bg-size:cover;\"><div class=\"fusion-column-wrapper fusion-flex-column-wrapper-legacy\"><div class=\"fusion-sep-clear\"><\/div><div class=\"fusion-separator fusion-full-width-sep\" style=\"margin-left: auto;margin-right: auto;margin-bottom:20px;width:100%;\"><div class=\"fusion-separator-border sep-single sep-solid\" style=\"--awb-height:20px;--awb-amount:20px;border-color:#e0dede;border-top-width:1px;\"><\/div><\/div><div class=\"fusion-sep-clear\"><\/div>        <div class=\"row stk-child-pages\">\n                                <div class=\"col-sm-4\">\n                        <a href=\"https:\/\/sotrafa.com\/en\/plastermic-range\/plastermic-plus-dh\/\">\n                            <div class=\"child-featured-rectangle\"><img decoding=\"async\" width=\"400\" height=\"300\" src=\"https:\/\/sotrafa.com\/wp-content\/uploads\/2018\/01\/PLASTERMIC-PLUS-DH-400x300.jpg\" class=\"attachment-child-featured-rectangle size-child-featured-rectangle wp-post-image\" alt=\"\" \/>                            <\/div>\n                            <div class=\"child-featured-title\">Plastermic Plus DH<\/div>\n                        <\/a>\n                    <\/div>\n\n\t\t\t\t\t\t\t\t                    <div class=\"col-sm-4\">\n                        <a href=\"https:\/\/sotrafa.com\/en\/plastermic-range\/plastermic-plus-special-strawberries\/\">\n                            <div class=\"child-featured-rectangle\"><img decoding=\"async\" width=\"400\" height=\"300\" src=\"https:\/\/sotrafa.com\/wp-content\/uploads\/2018\/03\/Plastermic-Plus-Esp-Fresa-400x300.jpg\" class=\"attachment-child-featured-rectangle size-child-featured-rectangle wp-post-image\" alt=\"Plastermic Plus Especial para fresas\" \/>                            <\/div>\n                            <div class=\"child-featured-title\">Plastermic Plus Special Strawberries<\/div>\n                        <\/a>\n                    <\/div>\n\n\t\t\t\t\t\t\t\t                    <div class=\"col-sm-4\">\n                        <a href=\"https:\/\/sotrafa.com\/en\/plastermic-range\/plastermic-dh-antithermic-cool-film\/\">\n                            <div class=\"child-featured-rectangle\"><img decoding=\"async\" width=\"400\" height=\"300\" src=\"https:\/\/sotrafa.com\/wp-content\/uploads\/2018\/01\/PLASTERMIC-DH-ANTITERMICO-400x300.jpg\" class=\"attachment-child-featured-rectangle size-child-featured-rectangle wp-post-image\" alt=\"\" srcset=\"https:\/\/sotrafa.com\/wp-content\/uploads\/2018\/01\/PLASTERMIC-DH-ANTITERMICO-200x150.jpg 200w, https:\/\/sotrafa.com\/wp-content\/uploads\/2018\/01\/PLASTERMIC-DH-ANTITERMICO-298x224.jpg 298w, https:\/\/sotrafa.com\/wp-content\/uploads\/2018\/01\/PLASTERMIC-DH-ANTITERMICO-400x300.jpg 400w, https:\/\/sotrafa.com\/wp-content\/uploads\/2018\/01\/PLASTERMIC-DH-ANTITERMICO-600x450.jpg 600w, https:\/\/sotrafa.com\/wp-content\/uploads\/2018\/01\/PLASTERMIC-DH-ANTITERMICO-768x576.jpg 768w, https:\/\/sotrafa.com\/wp-content\/uploads\/2018\/01\/PLASTERMIC-DH-ANTITERMICO-800x600.jpg 800w, https:\/\/sotrafa.com\/wp-content\/uploads\/2018\/01\/PLASTERMIC-DH-ANTITERMICO-1024x768.jpg 1024w, https:\/\/sotrafa.com\/wp-content\/uploads\/2018\/01\/PLASTERMIC-DH-ANTITERMICO-1200x900.jpg 1200w\" sizes=\"(max-width: 400px) 100vw, 400px\" \/>                            <\/div>\n                            <div class=\"child-featured-title\">Plastermic DH- Antithermic (Cool Film)<\/div>\n                        <\/a>\n                    <\/div>\n\n\t\t\t\t<div class=\"clearfix padding-top-50\"><\/div>\t\t\t\t                    <div class=\"col-sm-4\">\n                        <a href=\"https:\/\/sotrafa.com\/en\/plastermic-range\/plastermic-dh-fs\/\">\n                            <div class=\"child-featured-rectangle\"><img decoding=\"async\" width=\"400\" height=\"300\" src=\"https:\/\/sotrafa.com\/wp-content\/uploads\/2018\/01\/PLASTERMIC-DH-FS-400x300.jpg\" class=\"attachment-child-featured-rectangle size-child-featured-rectangle wp-post-image\" alt=\"\" srcset=\"https:\/\/sotrafa.com\/wp-content\/uploads\/2018\/01\/PLASTERMIC-DH-FS-200x150.jpg 200w, https:\/\/sotrafa.com\/wp-content\/uploads\/2018\/01\/PLASTERMIC-DH-FS-298x224.jpg 298w, https:\/\/sotrafa.com\/wp-content\/uploads\/2018\/01\/PLASTERMIC-DH-FS-400x300.jpg 400w, https:\/\/sotrafa.com\/wp-content\/uploads\/2018\/01\/PLASTERMIC-DH-FS-600x450.jpg 600w, https:\/\/sotrafa.com\/wp-content\/uploads\/2018\/01\/PLASTERMIC-DH-FS-768x576.jpg 768w, https:\/\/sotrafa.com\/wp-content\/uploads\/2018\/01\/PLASTERMIC-DH-FS-800x600.jpg 800w, https:\/\/sotrafa.com\/wp-content\/uploads\/2018\/01\/PLASTERMIC-DH-FS-1024x768.jpg 1024w, https:\/\/sotrafa.com\/wp-content\/uploads\/2018\/01\/PLASTERMIC-DH-FS-1200x900.jpg 1200w\" sizes=\"(max-width: 400px) 100vw, 400px\" \/>                            <\/div>\n                            <div class=\"child-featured-title\">Plastermic DH-FS<\/div>\n                        <\/a>\n                    <\/div>\n\n\t\t\t\t\t\t\t\t                    <div class=\"col-sm-4\">\n                        <a href=\"https:\/\/sotrafa.com\/en\/plastermic-range\/plastermic-dh-dn\/\">\n                            <div class=\"child-featured-rectangle\"><img decoding=\"async\" width=\"400\" height=\"300\" src=\"https:\/\/sotrafa.com\/wp-content\/uploads\/2018\/01\/PLASTERMIC-DH-DN-400x300.jpg\" class=\"attachment-child-featured-rectangle size-child-featured-rectangle wp-post-image\" alt=\"\" srcset=\"https:\/\/sotrafa.com\/wp-content\/uploads\/2018\/01\/PLASTERMIC-DH-DN-200x150.jpg 200w, https:\/\/sotrafa.com\/wp-content\/uploads\/2018\/01\/PLASTERMIC-DH-DN-298x224.jpg 298w, https:\/\/sotrafa.com\/wp-content\/uploads\/2018\/01\/PLASTERMIC-DH-DN-400x300.jpg 400w, https:\/\/sotrafa.com\/wp-content\/uploads\/2018\/01\/PLASTERMIC-DH-DN-600x450.jpg 600w, https:\/\/sotrafa.com\/wp-content\/uploads\/2018\/01\/PLASTERMIC-DH-DN-768x576.jpg 768w, https:\/\/sotrafa.com\/wp-content\/uploads\/2018\/01\/PLASTERMIC-DH-DN-800x600.jpg 800w, https:\/\/sotrafa.com\/wp-content\/uploads\/2018\/01\/PLASTERMIC-DH-DN-1024x768.jpg 1024w, https:\/\/sotrafa.com\/wp-content\/uploads\/2018\/01\/PLASTERMIC-DH-DN-1200x900.jpg 1200w\" sizes=\"(max-width: 400px) 100vw, 400px\" \/>                            <\/div>\n                            <div class=\"child-featured-title\">Plastermic DH-DN<\/div>\n                        <\/a>\n                    <\/div>\n\n\t\t\t\t\t\t\t\t                <\/div>\n        <div class=\"fusion-clearfix\"><\/div><\/div><\/div><\/div><\/div><\/p>\n","protected":false},"excerpt":{"rendered":"","protected":false},"author":2,"featured_media":0,"parent":0,"menu_order":0,"comment_status":"closed","ping_status":"closed","template":"","meta":{"footnotes":""},"class_list":["post-3042","page","type-page","status-publish","hentry"],"yoast_head":"<!-- This site is optimized with the Yoast SEO plugin v27.3 - https:\/\/yoast.com\/product\/yoast-seo-wordpress\/ -->\n<title>Plastermic Range - Sotrafa<\/title>\n<meta name=\"robots\" content=\"index, follow, max-snippet:-1, max-image-preview:large, max-video-preview:-1\" \/>\n<link rel=\"canonical\" href=\"https:\/\/sotrafa.com\/en\/plastermic-range\/\" \/>\n<meta property=\"og:locale\" content=\"en_US\" \/>\n<meta property=\"og:type\" content=\"article\" \/>\n<meta property=\"og:title\" content=\"Plastermic Range - Sotrafa\" \/>\n<meta property=\"og:url\" content=\"https:\/\/sotrafa.com\/en\/plastermic-range\/\" \/>\n<meta property=\"og:site_name\" content=\"Sotrafa\" \/>\n<meta property=\"article:modified_time\" content=\"2018-04-19T11:42:29+00:00\" \/>\n<meta name=\"twitter:card\" content=\"summary_large_image\" \/>\n<meta name=\"twitter:label1\" content=\"Est. reading time\" \/>\n\t<meta name=\"twitter:data1\" content=\"4 minutes\" \/>\n<script type=\"application\/ld+json\" class=\"yoast-schema-graph\">{\"@context\":\"https:\\\/\\\/schema.org\",\"@graph\":[{\"@type\":\"WebPage\",\"@id\":\"https:\\\/\\\/sotrafa.com\\\/en\\\/plastermic-range\\\/\",\"url\":\"https:\\\/\\\/sotrafa.com\\\/en\\\/plastermic-range\\\/\",\"name\":\"Plastermic Range - Sotrafa\",\"isPartOf\":{\"@id\":\"https:\\\/\\\/sotrafa.com\\\/#website\"},\"datePublished\":\"2018-02-27T10:19:06+00:00\",\"dateModified\":\"2018-04-19T11:42:29+00:00\",\"breadcrumb\":{\"@id\":\"https:\\\/\\\/sotrafa.com\\\/en\\\/plastermic-range\\\/#breadcrumb\"},\"inLanguage\":\"en\",\"potentialAction\":[{\"@type\":\"ReadAction\",\"target\":[\"https:\\\/\\\/sotrafa.com\\\/en\\\/plastermic-range\\\/\"]}]},{\"@type\":\"BreadcrumbList\",\"@id\":\"https:\\\/\\\/sotrafa.com\\\/en\\\/plastermic-range\\\/#breadcrumb\",\"itemListElement\":[{\"@type\":\"ListItem\",\"position\":1,\"name\":\"Home\",\"item\":\"https:\\\/\\\/sotrafa.com\\\/en\\\/\"},{\"@type\":\"ListItem\",\"position\":2,\"name\":\"Plastermic Range\"}]},{\"@type\":\"WebSite\",\"@id\":\"https:\\\/\\\/sotrafa.com\\\/#website\",\"url\":\"https:\\\/\\\/sotrafa.com\\\/\",\"name\":\"Sotrafa\",\"description\":\"Producimos una amplia gama de Pl\u00e1sticos para uso agr\u00edcola y hort\u00edcola, ganadero, construcci\u00f3n, e impermeabilizaci\u00f3n.\",\"potentialAction\":[{\"@type\":\"SearchAction\",\"target\":{\"@type\":\"EntryPoint\",\"urlTemplate\":\"https:\\\/\\\/sotrafa.com\\\/?s={search_term_string}\"},\"query-input\":{\"@type\":\"PropertyValueSpecification\",\"valueRequired\":true,\"valueName\":\"search_term_string\"}}],\"inLanguage\":\"en\"}]}<\/script>\n<!-- \/ Yoast SEO plugin. -->","yoast_head_json":{"title":"Plastermic Range - Sotrafa","robots":{"index":"index","follow":"follow","max-snippet":"max-snippet:-1","max-image-preview":"max-image-preview:large","max-video-preview":"max-video-preview:-1"},"canonical":"https:\/\/sotrafa.com\/en\/plastermic-range\/","og_locale":"en_US","og_type":"article","og_title":"Plastermic Range - Sotrafa","og_url":"https:\/\/sotrafa.com\/en\/plastermic-range\/","og_site_name":"Sotrafa","article_modified_time":"2018-04-19T11:42:29+00:00","twitter_card":"summary_large_image","twitter_misc":{"Est. reading time":"4 minutes"},"schema":{"@context":"https:\/\/schema.org","@graph":[{"@type":"WebPage","@id":"https:\/\/sotrafa.com\/en\/plastermic-range\/","url":"https:\/\/sotrafa.com\/en\/plastermic-range\/","name":"Plastermic Range - Sotrafa","isPartOf":{"@id":"https:\/\/sotrafa.com\/#website"},"datePublished":"2018-02-27T10:19:06+00:00","dateModified":"2018-04-19T11:42:29+00:00","breadcrumb":{"@id":"https:\/\/sotrafa.com\/en\/plastermic-range\/#breadcrumb"},"inLanguage":"en","potentialAction":[{"@type":"ReadAction","target":["https:\/\/sotrafa.com\/en\/plastermic-range\/"]}]},{"@type":"BreadcrumbList","@id":"https:\/\/sotrafa.com\/en\/plastermic-range\/#breadcrumb","itemListElement":[{"@type":"ListItem","position":1,"name":"Home","item":"https:\/\/sotrafa.com\/en\/"},{"@type":"ListItem","position":2,"name":"Plastermic Range"}]},{"@type":"WebSite","@id":"https:\/\/sotrafa.com\/#website","url":"https:\/\/sotrafa.com\/","name":"Sotrafa","description":"Producimos una amplia gama de Pl\u00e1sticos para uso agr\u00edcola y hort\u00edcola, ganadero, construcci\u00f3n, e impermeabilizaci\u00f3n.","potentialAction":[{"@type":"SearchAction","target":{"@type":"EntryPoint","urlTemplate":"https:\/\/sotrafa.com\/?s={search_term_string}"},"query-input":{"@type":"PropertyValueSpecification","valueRequired":true,"valueName":"search_term_string"}}],"inLanguage":"en"}]}},"_links":{"self":[{"href":"https:\/\/sotrafa.com\/en\/wp-json\/wp\/v2\/pages\/3042","targetHints":{"allow":["GET"]}}],"collection":[{"href":"https:\/\/sotrafa.com\/en\/wp-json\/wp\/v2\/pages"}],"about":[{"href":"https:\/\/sotrafa.com\/en\/wp-json\/wp\/v2\/types\/page"}],"author":[{"embeddable":true,"href":"https:\/\/sotrafa.com\/en\/wp-json\/wp\/v2\/users\/2"}],"replies":[{"embeddable":true,"href":"https:\/\/sotrafa.com\/en\/wp-json\/wp\/v2\/comments?post=3042"}],"version-history":[{"count":0,"href":"https:\/\/sotrafa.com\/en\/wp-json\/wp\/v2\/pages\/3042\/revisions"}],"wp:attachment":[{"href":"https:\/\/sotrafa.com\/en\/wp-json\/wp\/v2\/media?parent=3042"}],"curies":[{"name":"wp","href":"https:\/\/api.w.org\/{rel}","templated":true}]}}