{"id":3373,"date":"2018-03-02T14:32:51","date_gmt":"2018-03-02T13:32:51","guid":{"rendered":"http:\/\/clientes.plataformapublicidad.es\/sotrafa\/?page_id=3373"},"modified":"2018-03-02T14:39:20","modified_gmt":"2018-03-02T13:39:20","slug":"contact","status":"publish","type":"page","link":"https:\/\/sotrafa.com\/en\/contact\/","title":{"rendered":"Contact"},"content":{"rendered":"<p><div class=\"fusion-fullwidth fullwidth-box fusion-builder-row-1 hundred-percent-fullwidth non-hundred-percent-height-scrolling\" style=\"--awb-border-radius-top-left:0px;--awb-border-radius-top-right:0px;--awb-border-radius-bottom-right:0px;--awb-border-radius-bottom-left:0px;--awb-padding-right:0px;--awb-padding-left:0px;--awb-flex-wrap:wrap;\" ><div class=\"fusion-builder-row fusion-row\"><div class=\"fusion-layout-column fusion_builder_column fusion-builder-column-0 fusion_builder_column_1_1 1_1 fusion-one-full fusion-column-first fusion-column-last\" style=\"--awb-bg-size:cover;\"><div class=\"fusion-column-wrapper fusion-flex-column-wrapper-legacy\">\t\t\t\t\t<script type=\"text\/javascript\">\n\t\t\t\t\t\tvar map_fusion_map_69f230116d0b9;\n\t\t\t\t\t\tvar markers = [];\n\t\t\t\t\t\tvar counter = 0;\n\t\t\t\t\t\t\t\t\t\t\t\t\t\t\t\t\t\t\t\tvar fusionMapNonce = '4d1816a01f';\n\t\t\t\t\t\t\t\t\t\t\t\tfunction fusion_run_map_fusion_map_69f230116d0b9() {\n\t\t\t\t\t\t\tjQuery ('#fusion_map_69f230116d0b9' ).fusion_maps( {\n\t\t\t\t\t\t\t\taddresses: [{\"address\":\"36.788115,-2.722913\",\"infobox_content\":\"\",\"coordinates\":true,\"latitude\":\"36.788115\",\"longitude\":\"-2.722913\",\"cache\":true,\"geocoded_address\":\"Autov\\u00eda del Mediterr\\u00e1neo, 04715 La Mojonera, Almer\\u00eda, Espa\\u00f1a\"}],\n\t\t\t\t\t\t\t\tanimations: false,\n\t\t\t\t\t\t\t\tinfobox_background_color: '',\n\t\t\t\t\t\t\t\tinfobox_styling: 'default',\n\t\t\t\t\t\t\t\tinfobox_text_color: '',\n\t\t\t\t\t\t\t\tmap_style: 'custom',\n\t\t\t\t\t\t\t\tmap_type: 'roadmap',\n\t\t\t\t\t\t\t\tmarker_icon: '',\n\t\t\t\t\t\t\t\toverlay_color: '#03a9f4',\n\t\t\t\t\t\t\t\toverlay_color_hsl: {\"hue\":199,\"sat\":98,\"lum\":48},\n\t\t\t\t\t\t\t\tshow_address: true,\n\t\t\t\t\t\t\t\tscale_control: true,\n\t\t\t\t\t\t\t\tscrollwheel: false,\n\t\t\t\t\t\t\t\tzoom: 15,\n\t\t\t\t\t\t\t\tzoom_control: true,\n\t\t\t\t\t\t\t} );\n\t\t\t\t\t\t}\n\n\t\t\t\t\t\tgoogle.maps.event.addDomListener(window, 'load', fusion_run_map_fusion_map_69f230116d0b9);\n\t\t\t\t\t<\/script>\n\t\t\t\t\t<div class=\"shortcode-map fusion-google-map fusion-maps-js-type\" style=\"--awb-height:400px;\" id=\"fusion_map_69f230116d0b9\"><\/div><div class=\"fusion-clearfix\"><\/div><\/div><\/div><\/div><\/div><div class=\"fusion-fullwidth fullwidth-box fusion-builder-row-2 nonhundred-percent-fullwidth non-hundred-percent-height-scrolling\" style=\"--awb-background-position:left top;--awb-border-radius-top-left:0px;--awb-border-radius-top-right:0px;--awb-border-radius-bottom-right:0px;--awb-border-radius-bottom-left:0px;--awb-padding-top:110px;--awb-padding-bottom:100px;--awb-border-sizes-top:0px;--awb-border-sizes-bottom:0px;--awb-flex-wrap:wrap;\" ><div class=\"fusion-builder-row fusion-row\"><div class=\"fusion-layout-column fusion_builder_column fusion-builder-column-1 fusion_builder_column_2_3 2_3 fusion-two-third fusion-column-first fusion-column-no-min-height\" style=\"--awb-bg-size:cover;--awb-margin-bottom:0px;width:65.3333%; margin-right: 4%;\"><div class=\"fusion-column-wrapper fusion-flex-column-wrapper-legacy\"><div class=\"fusion-title title fusion-title-1 fusion-sep-none fusion-title-text fusion-title-size-two\" style=\"--awb-margin-top-small:10px;--awb-margin-right-small:0px;--awb-margin-bottom-small:10px;--awb-margin-left-small:0px;\"><h2 class=\"fusion-title-heading title-heading-left\" style=\"margin:0;\">We are in contact<\/h2><\/div><div class=\"fusion-text fusion-text-1\"><p>Send us your query, we will answer you quickly.<\/p>\n<\/div>\n<div class=\"wpcf7 no-js\" id=\"wpcf7-f3375-o1\" lang=\"en-US\" dir=\"ltr\" data-wpcf7-id=\"3375\">\n<div class=\"screen-reader-response\"><p role=\"status\" aria-live=\"polite\" aria-atomic=\"true\"><\/p> <ul><\/ul><\/div>\n<form action=\"\/en\/wp-json\/wp\/v2\/pages\/3373#wpcf7-f3375-o1\" method=\"post\" class=\"wpcf7-form init wpcf7-acceptance-as-validation\" aria-label=\"Contact form\" novalidate=\"novalidate\" data-status=\"init\">\n<fieldset class=\"hidden-fields-container\"><input type=\"hidden\" name=\"_wpcf7\" value=\"3375\" \/><input type=\"hidden\" name=\"_wpcf7_version\" value=\"6.1.5\" \/><input type=\"hidden\" name=\"_wpcf7_locale\" value=\"en_US\" \/><input type=\"hidden\" name=\"_wpcf7_unit_tag\" value=\"wpcf7-f3375-o1\" \/><input type=\"hidden\" name=\"_wpcf7_container_post\" value=\"0\" \/><input type=\"hidden\" name=\"_wpcf7_posted_data_hash\" value=\"\" \/><input type=\"hidden\" name=\"_wpcf7_recaptcha_response\" value=\"\" \/>\n<\/fieldset>\n<div class=\"row\">\n\t<div class=\"col-md-4 margin-top-15\">\n\t\t<p><span class=\"wpcf7-form-control-wrap\" data-name=\"your-name\"><input size=\"40\" maxlength=\"400\" class=\"wpcf7-form-control wpcf7-text wpcf7-validates-as-required\" aria-required=\"true\" aria-invalid=\"false\" placeholder=\"Name*\" value=\"\" type=\"text\" name=\"your-name\" \/><\/span>\n\t\t<\/p>\n\t<\/div>\n\t<div class=\"col-md-4 margin-top-15\">\n\t\t<p><span class=\"wpcf7-form-control-wrap\" data-name=\"your-email\"><input size=\"40\" maxlength=\"400\" class=\"wpcf7-form-control wpcf7-email wpcf7-validates-as-required wpcf7-text wpcf7-validates-as-email\" aria-required=\"true\" aria-invalid=\"false\" placeholder=\"Email*\" value=\"\" type=\"email\" name=\"your-email\" \/><\/span>\n\t\t<\/p>\n\t<\/div>\n\t<div class=\"col-md-4 margin-top-15\">\n\t\t<p><span class=\"wpcf7-form-control-wrap\" data-name=\"your-subject\"><input size=\"40\" maxlength=\"400\" class=\"wpcf7-form-control wpcf7-text wpcf7-validates-as-required\" aria-required=\"true\" aria-invalid=\"false\" placeholder=\"Subject*\" value=\"\" type=\"text\" name=\"your-subject\" \/><\/span>\n\t\t<\/p>\n\t<\/div>\n<\/div>\n<div class=\"row\">\n\t<div class=\"col-md-4 margin-top-15\">\n\t\t<p><span class=\"wpcf7-form-control-wrap\" data-name=\"your-company\"><input size=\"40\" maxlength=\"400\" class=\"wpcf7-form-control wpcf7-text wpcf7-validates-as-required\" aria-required=\"true\" aria-invalid=\"false\" placeholder=\"Company*\" value=\"\" type=\"text\" name=\"your-company\" \/><\/span>\n\t\t<\/p>\n\t<\/div>\n\t<div class=\"col-md-4 margin-top-15\">\n\t\t<p><span class=\"wpcf7-form-control-wrap\" data-name=\"your-city\"><input size=\"40\" maxlength=\"400\" class=\"wpcf7-form-control wpcf7-text wpcf7-validates-as-required\" aria-required=\"true\" aria-invalid=\"false\" placeholder=\"City*\" value=\"\" type=\"text\" name=\"your-city\" \/><\/span>\n\t\t<\/p>\n\t<\/div>\n\t<div class=\"col-md-4 margin-top-15\">\n\t\t<p><span class=\"wpcf7-form-control-wrap\" data-name=\"your-phone\"><input size=\"40\" maxlength=\"400\" class=\"wpcf7-form-control wpcf7-text wpcf7-validates-as-required\" aria-required=\"true\" aria-invalid=\"false\" placeholder=\"Phone*\" value=\"\" type=\"text\" name=\"your-phone\" \/><\/span>\n\t\t<\/p>\n\t<\/div>\n<\/div>\n<div class=\"row\">\n\t<div class=\"col-md-12 margin-top-15\">\n\t\t<p><span class=\"wpcf7-form-control-wrap\" data-name=\"your-message\"><textarea cols=\"40\" rows=\"10\" maxlength=\"2000\" class=\"wpcf7-form-control wpcf7-textarea\" aria-invalid=\"false\" placeholder=\"Message\" name=\"your-message\"><\/textarea><\/span>\n\t\t<\/p>\n\t<\/div>\n<\/div>\n<div class=\"row\">\n\t<div class=\"col-md-12 margin-top-15\">\n\t\t<p><span class=\"wpcf7-form-control-wrap\" data-name=\"checkbox-one\"><span class=\"wpcf7-form-control wpcf7-checkbox\"><span class=\"wpcf7-list-item first last\"><input type=\"checkbox\" name=\"checkbox-one[]\" value=\"You consent to\" \/><span class=\"wpcf7-list-item-label\">You consent to<\/span><\/span><\/span><\/span> be contacted and\/or to sending of satisfaction surveys, news bulletins and company information and offers, as well as advertising for products and services of the organization and of companies from the Armando Alvarez Group* for the purpose of evaluating the quality of our processes and providing you with offers for services that might interest you through the communication channels provided. (*) The list of activities of the companies of the Group is available at: <a href=\"https:\/\/www.armandoalvarez.com\" target=\"_blank\">www.armandoalvarez.com<\/a>\n\t\t<\/p>\n\t<\/div>\n<\/div>\n<div class=\"row\">\n\t<div class=\"col-md-12 margin-top-15\">\n\t\t<p><span class=\"wpcf7-form-control-wrap\" data-name=\"checkbox-two\"><span class=\"wpcf7-form-control wpcf7-checkbox\"><span class=\"wpcf7-list-item first last\"><input type=\"checkbox\" name=\"checkbox-two[]\" value=\"You consent to\" \/><span class=\"wpcf7-list-item-label\">You consent to<\/span><\/span><\/span><\/span> the possible communication of data to that company of the Armando Alvarez Group* and\/or Sales Agent or Agency whose scope of action includes the country of origin: countries in which there is an office of the company of the Armando Alvarez Group and \/or Sales Agent or Agency. (*) The list of activities of the companies of the Group is available at: <a href=\"https:\/\/www.armandoalvarez.com\" target=\"_blank\">www.armandoalvarez.com<\/a>\n\t\t<\/p>\n\t<\/div>\n<\/div>\n<div class=\"row\">\n\t<div class=\"col-md-12 margin-top-15\">\n\t\t<p><span class=\"wpcf7-form-control-wrap\" data-name=\"acceptance-three\"><span class=\"wpcf7-form-control wpcf7-acceptance\"><span class=\"wpcf7-list-item\"><input type=\"checkbox\" name=\"acceptance-three\" value=\"1\" aria-invalid=\"false\" \/><\/span><\/span><\/span><strong>You explicitly consent to the present clause and <a href=\"https:\/\/sotrafa.com\/wp-content\/uploads\/2021\/07\/POL\u00cdTICA-DE-PRIVACIDAD-SOTRAFA-EN.pdf\" target=\"_blank\">privacy policy<\/a> regarding personal data protection.<\/strong>\n\t\t<\/p>\n\t<\/div>\n<\/div>\n<div class=\"row\">\n\t<div class=\"col-md-12 margin-top-15\">\n\t\t<div class=\"accordion accordion-icons\" id=\"accordionExample\">\n\t\t\t<div class=\"card\">\n\t\t\t\t<div class=\"card-header\" id=\"headingOne\">\n\t\t\t\t\t<h5 class=\"mb-0\"><br \/>\n<button class=\"btn collapsed\" type=\"button\" data-toggle=\"collapse\" data-target=\"#collapseOne\" aria-expanded=\"false\" aria-controls=\"collapseOne\"><br \/>\nDATA PROCESSING<br \/>\n<\/button>\n\t\t\t\t\t<\/h5>\n\t\t\t\t<\/div>\n\t\t\t\t<div id=\"collapseOne\" class=\"collapse\" aria-labelledby=\"headingOne\" data-parent=\"#accordionExample\">\n\t\t\t\t\t<div class=\"card-body\">\n\t\t\t\t\t\t<p><strong>Data processor<\/strong>: SOTRAFA S.A. <strong>Purposes<\/strong>: Management of Response to Queries, Claims or Incidents, Requests for technical or corporate information, resources and\/or activities, and if you have provided consent, for the purposes described in the additional consents. <strong>Rights<\/strong>:The data subject may access, correct and suppress the data, as well as limiting, withdrawing from or objecting to processing by following the procedures that they may consult in the additional information of the corporate webpage. If you consider that the exercise of your rights has not been completely satisfactory, you may submit a claim to the national supervisory authority, by writing for these purposes to the Spanish Data Protection Agency (AEPD), C\/ Jorge Juan, 6 \u2013 28001 Madrid. <strong>Additional Information<\/strong>: In the <a href=\"https:\/\/sotrafa.com\/wp-content\/uploads\/2021\/03\/Sotrafa-Politica-de-Privacidad-1.pdf\" target=\"_blank\">Privacy Policy<\/a> of the corporate webpage <a href=\"https:\/\/sotrafa.com\" target=\"_blank\"> sotrafa.com<\/a><strong>Consent<\/strong>: Pursuant to personal data protection regulations, we processed the information that you provide us (together with the personal data of other persons that you might provide to us) for the purposes specified in the present clause and privacy policy. In this respect, the undersigned declares that they have been informed, and consent, as well as informing and having the consent of the third parties whose personal data they provide to us for this processing. With the acceptance and\/or validation of the process, you declare that you are older than 14 years of age and possess legal capacity* and consent expressesly to the processing of data pursuant to the clause and additional information on data protection. If you have marked the box for consent, then the legal basis for these purposes is your consent, and you can withdraw it at any time. In the cases in which you represent a minor under 14 years of age or a person without legal capacity, you declare at your own responsability that possess the legal guardianship of the minor or are entrusted with the corresponding legal representation, and evidence of this may be requested by the Data Processor for the purposes of legitimizing the consent accepted.\n\t\t\t\t\t\t<\/p>\n\t\t\t\t\t<\/div>\n\t\t\t\t<\/div>\n\t\t\t<\/div>\n\t\t<\/div>\n\t<\/div>\n<\/div>\n<div class=\"row\">\n\t<div class=\"col-md-12 margin-top-15\">\n\t\n\t<\/div>\n<\/div>\n<div class=\"row\">\n\t<div class=\"col-md-12 margin-top-15\">\n\t\t<p><input class=\"wpcf7-form-control wpcf7-submit has-spinner\" type=\"submit\" value=\"Send\" \/>\n\t\t<\/p>\n\t<\/div>\n<\/div><div class=\"fusion-alert alert custom alert-custom fusion-alert-center wpcf7-response-output awb-alert-native-link-color alert-dismissable awb-alert-close-boxed\" style=\"--awb-border-top-left-radius:0px;--awb-border-top-right-radius:0px;--awb-border-bottom-left-radius:0px;--awb-border-bottom-right-radius:0px;\" role=\"alert\"><div class=\"fusion-alert-content-wrapper\"><span class=\"fusion-alert-content\"><\/span><\/div><button type=\"button\" class=\"close toggle-alert\" data-dismiss=\"alert\" aria-label=\"Close\">&times;<\/button><\/div>\n<\/form>\n<\/div>\n<div class=\"fusion-clearfix\"><\/div><\/div><\/div><div class=\"fusion-layout-column fusion_builder_column fusion-builder-column-2 fusion_builder_column_1_3 1_3 fusion-one-third fusion-column-last fusion-column-no-min-height\" style=\"--awb-bg-size:cover;--awb-margin-bottom:0px;width:30.6666%;\"><div class=\"fusion-column-wrapper fusion-flex-column-wrapper-legacy\"><div class=\"fusion-title title fusion-title-2 fusion-sep-none fusion-title-text fusion-title-size-two\" style=\"--awb-margin-top-small:10px;--awb-margin-right-small:0px;--awb-margin-bottom-small:10px;--awb-margin-left-small:0px;\"><h2 class=\"fusion-title-heading title-heading-left\" style=\"margin:0;\"><p id=\"tw-target-text\" class=\"tw-data-text tw-ta tw-text-medium\" dir=\"ltr\" data-placeholder=\"Traducci\u00f3n\">Where we are?<\/p><\/h2><\/div><div class=\"fusion-text fusion-text-2\"><p><strong>Sotrafa, S.A.<\/strong><\/p>\n<p>Paraje Cartabona, 12 &#8211;<br \/>\nApdo. Correos 73<br \/>\n04710 Sta. M\u00aa del \u00c1guila<br \/>\nEl Ejido (Almer\u00eda) &#8211; Espa\u00f1a<br \/>\nTel. +34 950 405 600<br \/>\nFax: +34 950 580 233<br \/>\nEmail: info@sotrafa.com<\/p>\n<\/div><div class=\"fusion-title title fusion-title-3 fusion-sep-none fusion-title-text fusion-title-size-two\" style=\"--awb-margin-bottom:10px;--awb-margin-top-small:10px;--awb-margin-right-small:0px;--awb-margin-bottom-small:10px;--awb-margin-left-small:0px;\"><h2 class=\"fusion-title-heading title-heading-left\" style=\"margin:0;\">Follow us<\/h2><\/div><div class=\"fusion-social-links fusion-social-links-1\" style=\"--awb-margin-top:0px;--awb-margin-right:0px;--awb-margin-bottom:0px;--awb-margin-left:0px;--awb-box-border-top:0px;--awb-box-border-right:0px;--awb-box-border-bottom:0px;--awb-box-border-left:0px;--awb-icon-colors-hover:rgba(255,255,255,0.8);--awb-box-colors-hover:rgba(184,0,0,0.8);--awb-box-border-color:var(--awb-color3);--awb-box-border-color-hover:var(--awb-color4);\"><div class=\"fusion-social-networks boxed-icons color-type-custom\"><div class=\"fusion-social-networks-wrapper\"><a class=\"fusion-social-network-icon fusion-tooltip fusion-linkedin awb-icon-linkedin\" style=\"color:#ffffff;font-size:14px;width:14px;background-color:#1780ef;border-color:#1780ef;border-radius:50%;\" data-placement=\"top\" data-title=\"LinkedIn\" data-toggle=\"tooltip\" title=\"LinkedIn\" aria-label=\"linkedin\" target=\"_blank\" rel=\"noopener noreferrer\" href=\"#\"><\/a><a class=\"fusion-social-network-icon fusion-tooltip fusion-facebook awb-icon-facebook\" style=\"color:#ffffff;font-size:14px;width:14px;background-color:#1780ef;border-color:#1780ef;border-radius:50%;\" data-placement=\"top\" data-title=\"Facebook\" data-toggle=\"tooltip\" title=\"Facebook\" aria-label=\"facebook\" target=\"_blank\" rel=\"noopener noreferrer\" href=\"#\"><\/a><a class=\"fusion-social-network-icon fusion-tooltip fusion-twitter awb-icon-twitter\" style=\"color:#ffffff;font-size:14px;width:14px;background-color:#1780ef;border-color:#1780ef;border-radius:50%;\" data-placement=\"top\" data-title=\"X\" data-toggle=\"tooltip\" title=\"X\" aria-label=\"twitter\" target=\"_blank\" rel=\"noopener noreferrer\" href=\"#\"><\/a><\/div><\/div><\/div><div class=\"fusion-clearfix\"><\/div><\/div><\/div><\/div><\/div><\/p>\n","protected":false},"excerpt":{"rendered":"","protected":false},"author":2,"featured_media":0,"parent":0,"menu_order":0,"comment_status":"closed","ping_status":"closed","template":"100-width.php","meta":{"footnotes":""},"class_list":["post-3373","page","type-page","status-publish","hentry"],"yoast_head":"<!-- This site is optimized with the Yoast SEO plugin v27.3 - https:\/\/yoast.com\/product\/yoast-seo-wordpress\/ -->\n<title>Contact - Sotrafa<\/title>\n<meta name=\"robots\" content=\"index, follow, max-snippet:-1, max-image-preview:large, max-video-preview:-1\" \/>\n<link rel=\"canonical\" href=\"https:\/\/sotrafa.com\/en\/contact\/\" \/>\n<meta property=\"og:locale\" content=\"en_US\" \/>\n<meta property=\"og:type\" content=\"article\" \/>\n<meta property=\"og:title\" content=\"Contact - Sotrafa\" \/>\n<meta property=\"og:url\" content=\"https:\/\/sotrafa.com\/en\/contact\/\" \/>\n<meta property=\"og:site_name\" content=\"Sotrafa\" \/>\n<meta property=\"article:modified_time\" content=\"2018-03-02T13:39:20+00:00\" \/>\n<meta name=\"twitter:card\" content=\"summary_large_image\" \/>\n<meta name=\"twitter:label1\" content=\"Est. reading time\" \/>\n\t<meta name=\"twitter:data1\" content=\"3 minutes\" \/>\n<script type=\"application\/ld+json\" class=\"yoast-schema-graph\">{\"@context\":\"https:\\\/\\\/schema.org\",\"@graph\":[{\"@type\":\"WebPage\",\"@id\":\"https:\\\/\\\/sotrafa.com\\\/en\\\/contact\\\/\",\"url\":\"https:\\\/\\\/sotrafa.com\\\/en\\\/contact\\\/\",\"name\":\"Contact - Sotrafa\",\"isPartOf\":{\"@id\":\"https:\\\/\\\/sotrafa.com\\\/#website\"},\"datePublished\":\"2018-03-02T13:32:51+00:00\",\"dateModified\":\"2018-03-02T13:39:20+00:00\",\"breadcrumb\":{\"@id\":\"https:\\\/\\\/sotrafa.com\\\/en\\\/contact\\\/#breadcrumb\"},\"inLanguage\":\"en\",\"potentialAction\":[{\"@type\":\"ReadAction\",\"target\":[\"https:\\\/\\\/sotrafa.com\\\/en\\\/contact\\\/\"]}]},{\"@type\":\"BreadcrumbList\",\"@id\":\"https:\\\/\\\/sotrafa.com\\\/en\\\/contact\\\/#breadcrumb\",\"itemListElement\":[{\"@type\":\"ListItem\",\"position\":1,\"name\":\"Home\",\"item\":\"https:\\\/\\\/sotrafa.com\\\/en\\\/\"},{\"@type\":\"ListItem\",\"position\":2,\"name\":\"Contact\"}]},{\"@type\":\"WebSite\",\"@id\":\"https:\\\/\\\/sotrafa.com\\\/#website\",\"url\":\"https:\\\/\\\/sotrafa.com\\\/\",\"name\":\"Sotrafa\",\"description\":\"Producimos una amplia gama de Pl\u00e1sticos para uso agr\u00edcola y hort\u00edcola, ganadero, construcci\u00f3n, e impermeabilizaci\u00f3n.\",\"potentialAction\":[{\"@type\":\"SearchAction\",\"target\":{\"@type\":\"EntryPoint\",\"urlTemplate\":\"https:\\\/\\\/sotrafa.com\\\/?s={search_term_string}\"},\"query-input\":{\"@type\":\"PropertyValueSpecification\",\"valueRequired\":true,\"valueName\":\"search_term_string\"}}],\"inLanguage\":\"en\"}]}<\/script>\n<!-- \/ Yoast SEO plugin. -->","yoast_head_json":{"title":"Contact - Sotrafa","robots":{"index":"index","follow":"follow","max-snippet":"max-snippet:-1","max-image-preview":"max-image-preview:large","max-video-preview":"max-video-preview:-1"},"canonical":"https:\/\/sotrafa.com\/en\/contact\/","og_locale":"en_US","og_type":"article","og_title":"Contact - Sotrafa","og_url":"https:\/\/sotrafa.com\/en\/contact\/","og_site_name":"Sotrafa","article_modified_time":"2018-03-02T13:39:20+00:00","twitter_card":"summary_large_image","twitter_misc":{"Est. reading time":"3 minutes"},"schema":{"@context":"https:\/\/schema.org","@graph":[{"@type":"WebPage","@id":"https:\/\/sotrafa.com\/en\/contact\/","url":"https:\/\/sotrafa.com\/en\/contact\/","name":"Contact - Sotrafa","isPartOf":{"@id":"https:\/\/sotrafa.com\/#website"},"datePublished":"2018-03-02T13:32:51+00:00","dateModified":"2018-03-02T13:39:20+00:00","breadcrumb":{"@id":"https:\/\/sotrafa.com\/en\/contact\/#breadcrumb"},"inLanguage":"en","potentialAction":[{"@type":"ReadAction","target":["https:\/\/sotrafa.com\/en\/contact\/"]}]},{"@type":"BreadcrumbList","@id":"https:\/\/sotrafa.com\/en\/contact\/#breadcrumb","itemListElement":[{"@type":"ListItem","position":1,"name":"Home","item":"https:\/\/sotrafa.com\/en\/"},{"@type":"ListItem","position":2,"name":"Contact"}]},{"@type":"WebSite","@id":"https:\/\/sotrafa.com\/#website","url":"https:\/\/sotrafa.com\/","name":"Sotrafa","description":"Producimos una amplia gama de Pl\u00e1sticos para uso agr\u00edcola y hort\u00edcola, ganadero, construcci\u00f3n, e impermeabilizaci\u00f3n.","potentialAction":[{"@type":"SearchAction","target":{"@type":"EntryPoint","urlTemplate":"https:\/\/sotrafa.com\/?s={search_term_string}"},"query-input":{"@type":"PropertyValueSpecification","valueRequired":true,"valueName":"search_term_string"}}],"inLanguage":"en"}]}},"_links":{"self":[{"href":"https:\/\/sotrafa.com\/en\/wp-json\/wp\/v2\/pages\/3373","targetHints":{"allow":["GET"]}}],"collection":[{"href":"https:\/\/sotrafa.com\/en\/wp-json\/wp\/v2\/pages"}],"about":[{"href":"https:\/\/sotrafa.com\/en\/wp-json\/wp\/v2\/types\/page"}],"author":[{"embeddable":true,"href":"https:\/\/sotrafa.com\/en\/wp-json\/wp\/v2\/users\/2"}],"replies":[{"embeddable":true,"href":"https:\/\/sotrafa.com\/en\/wp-json\/wp\/v2\/comments?post=3373"}],"version-history":[{"count":0,"href":"https:\/\/sotrafa.com\/en\/wp-json\/wp\/v2\/pages\/3373\/revisions"}],"wp:attachment":[{"href":"https:\/\/sotrafa.com\/en\/wp-json\/wp\/v2\/media?parent=3373"}],"curies":[{"name":"wp","href":"https:\/\/api.w.org\/{rel}","templated":true}]}}