{"id":4732,"date":"2020-07-17T09:36:34","date_gmt":"2020-07-17T07:36:34","guid":{"rendered":"http:\/\/sotrafa.com\/?page_id=4732"},"modified":"2020-07-17T09:37:16","modified_gmt":"2020-07-17T07:37:16","slug":"reset-password","status":"publish","type":"page","link":"https:\/\/sotrafa.com\/en\/reset-password\/","title":{"rendered":"Reset Password"},"content":{"rendered":"<div class=\"fusion-fullwidth fullwidth-box fusion-builder-row-1 nonhundred-percent-fullwidth non-hundred-percent-height-scrolling\" style=\"--awb-border-radius-top-left:0px;--awb-border-radius-top-right:0px;--awb-border-radius-bottom-right:0px;--awb-border-radius-bottom-left:0px;--awb-flex-wrap:wrap;\" ><div class=\"fusion-builder-row fusion-row\"><div class=\"fusion-layout-column fusion_builder_column fusion-builder-column-0 fusion_builder_column_1_1 1_1 fusion-one-full fusion-column-first fusion-column-last\" style=\"--awb-bg-size:cover;\"><div class=\"fusion-column-wrapper fusion-flex-column-wrapper-legacy\"><div class=\"fusion-login-box fusion-login-box-1 fusion-login-box-lostpassword fusion-login-align-center fusion-login-field-layout-stacked\" style=\"--awb-form-background-color:#f6f6f6;\"><h3 class=\"fusion-login-heading\">Reset Password<\/h3><form class=\"fusion-login-form\" name=\"lostpasswordform\" id=\"lostpasswordform\" method=\"post\" action=\"https:\/\/sotrafa.com\/wp-login.php?action=lostpassword\"><p class=\"fusion-login-input-wrapper\">Lost your password? Please enter your username or email address. You will receive a link to create a new password via email.<\/p><div class=\"fusion-login-input-wrapper\"><label class=\"fusion-hidden-content\" for=\"user_login\">Username or Email<\/label><input type=\"text\" name=\"user_login\" placeholder=\"Username or Email\"value=\"\" size=\"20\" class=\"fusion-login-username input-text\" id=\"user_login\"\/><\/div><div class=\"fusion-login-submit-wrapper\"><button class=\"fusion-login-button fusion-button button-default fusion-button-default-size fusion-login-button-no-fullwidth\" type=\"submit\" name=\"wp-submit\">Reset Password<\/button><input type=\"hidden\" name=\"user-cookie\" value=\"1\" \/><input type=\"hidden\" name=\"redirect_to\" value=\"https:\/\/sotrafa.com\/en\/wp-json\/wp\/v2\/pages\/4732\" \/><input type=\"hidden\" name=\"fusion_login_box\" value=\"true\" \/><input type=\"hidden\" name=\"_wp_http_referer\" value=\"\/en\/wp-json\/wp\/v2\/pages\/4732\" \/><span class=\"fusion-login-nonce\" style=\"display:none;\"><\/span><\/div><\/form><\/div><div class=\"fusion-clearfix\"><\/div><\/div><\/div><\/div><\/div>\n","protected":false},"excerpt":{"rendered":"","protected":false},"author":2,"featured_media":0,"parent":0,"menu_order":0,"comment_status":"closed","ping_status":"closed","template":"","meta":{"footnotes":""},"class_list":["post-4732","page","type-page","status-publish","hentry"],"yoast_head":"<!-- This site is optimized with the Yoast SEO plugin v27.3 - https:\/\/yoast.com\/product\/yoast-seo-wordpress\/ -->\n<title>Reset Password - Sotrafa<\/title>\n<meta name=\"robots\" content=\"index, follow, max-snippet:-1, max-image-preview:large, max-video-preview:-1\" \/>\n<link rel=\"canonical\" href=\"https:\/\/sotrafa.com\/en\/reset-password\/\" \/>\n<meta property=\"og:locale\" content=\"en_US\" \/>\n<meta property=\"og:type\" content=\"article\" \/>\n<meta property=\"og:title\" content=\"Reset Password - Sotrafa\" \/>\n<meta property=\"og:url\" content=\"https:\/\/sotrafa.com\/en\/reset-password\/\" \/>\n<meta property=\"og:site_name\" content=\"Sotrafa\" \/>\n<meta property=\"article:modified_time\" content=\"2020-07-17T07:37:16+00:00\" \/>\n<meta name=\"twitter:card\" content=\"summary_large_image\" \/>\n<meta name=\"twitter:label1\" content=\"Est. reading time\" \/>\n\t<meta name=\"twitter:data1\" content=\"1 minute\" \/>\n<script type=\"application\/ld+json\" class=\"yoast-schema-graph\">{\"@context\":\"https:\\\/\\\/schema.org\",\"@graph\":[{\"@type\":\"WebPage\",\"@id\":\"https:\\\/\\\/sotrafa.com\\\/en\\\/reset-password\\\/\",\"url\":\"https:\\\/\\\/sotrafa.com\\\/en\\\/reset-password\\\/\",\"name\":\"Reset Password - Sotrafa\",\"isPartOf\":{\"@id\":\"https:\\\/\\\/sotrafa.com\\\/#website\"},\"datePublished\":\"2020-07-17T07:36:34+00:00\",\"dateModified\":\"2020-07-17T07:37:16+00:00\",\"breadcrumb\":{\"@id\":\"https:\\\/\\\/sotrafa.com\\\/en\\\/reset-password\\\/#breadcrumb\"},\"inLanguage\":\"en\",\"potentialAction\":[{\"@type\":\"ReadAction\",\"target\":[\"https:\\\/\\\/sotrafa.com\\\/en\\\/reset-password\\\/\"]}]},{\"@type\":\"BreadcrumbList\",\"@id\":\"https:\\\/\\\/sotrafa.com\\\/en\\\/reset-password\\\/#breadcrumb\",\"itemListElement\":[{\"@type\":\"ListItem\",\"position\":1,\"name\":\"Home\",\"item\":\"https:\\\/\\\/sotrafa.com\\\/en\\\/\"},{\"@type\":\"ListItem\",\"position\":2,\"name\":\"Reset Password\"}]},{\"@type\":\"WebSite\",\"@id\":\"https:\\\/\\\/sotrafa.com\\\/#website\",\"url\":\"https:\\\/\\\/sotrafa.com\\\/\",\"name\":\"Sotrafa\",\"description\":\"Producimos una amplia gama de Pl\u00e1sticos para uso agr\u00edcola y hort\u00edcola, ganadero, construcci\u00f3n, e impermeabilizaci\u00f3n.\",\"potentialAction\":[{\"@type\":\"SearchAction\",\"target\":{\"@type\":\"EntryPoint\",\"urlTemplate\":\"https:\\\/\\\/sotrafa.com\\\/?s={search_term_string}\"},\"query-input\":{\"@type\":\"PropertyValueSpecification\",\"valueRequired\":true,\"valueName\":\"search_term_string\"}}],\"inLanguage\":\"en\"}]}<\/script>\n<!-- \/ Yoast SEO plugin. -->","yoast_head_json":{"title":"Reset Password - Sotrafa","robots":{"index":"index","follow":"follow","max-snippet":"max-snippet:-1","max-image-preview":"max-image-preview:large","max-video-preview":"max-video-preview:-1"},"canonical":"https:\/\/sotrafa.com\/en\/reset-password\/","og_locale":"en_US","og_type":"article","og_title":"Reset Password - Sotrafa","og_url":"https:\/\/sotrafa.com\/en\/reset-password\/","og_site_name":"Sotrafa","article_modified_time":"2020-07-17T07:37:16+00:00","twitter_card":"summary_large_image","twitter_misc":{"Est. reading time":"1 minute"},"schema":{"@context":"https:\/\/schema.org","@graph":[{"@type":"WebPage","@id":"https:\/\/sotrafa.com\/en\/reset-password\/","url":"https:\/\/sotrafa.com\/en\/reset-password\/","name":"Reset Password - Sotrafa","isPartOf":{"@id":"https:\/\/sotrafa.com\/#website"},"datePublished":"2020-07-17T07:36:34+00:00","dateModified":"2020-07-17T07:37:16+00:00","breadcrumb":{"@id":"https:\/\/sotrafa.com\/en\/reset-password\/#breadcrumb"},"inLanguage":"en","potentialAction":[{"@type":"ReadAction","target":["https:\/\/sotrafa.com\/en\/reset-password\/"]}]},{"@type":"BreadcrumbList","@id":"https:\/\/sotrafa.com\/en\/reset-password\/#breadcrumb","itemListElement":[{"@type":"ListItem","position":1,"name":"Home","item":"https:\/\/sotrafa.com\/en\/"},{"@type":"ListItem","position":2,"name":"Reset Password"}]},{"@type":"WebSite","@id":"https:\/\/sotrafa.com\/#website","url":"https:\/\/sotrafa.com\/","name":"Sotrafa","description":"Producimos una amplia gama de Pl\u00e1sticos para uso agr\u00edcola y hort\u00edcola, ganadero, construcci\u00f3n, e impermeabilizaci\u00f3n.","potentialAction":[{"@type":"SearchAction","target":{"@type":"EntryPoint","urlTemplate":"https:\/\/sotrafa.com\/?s={search_term_string}"},"query-input":{"@type":"PropertyValueSpecification","valueRequired":true,"valueName":"search_term_string"}}],"inLanguage":"en"}]}},"_links":{"self":[{"href":"https:\/\/sotrafa.com\/en\/wp-json\/wp\/v2\/pages\/4732","targetHints":{"allow":["GET"]}}],"collection":[{"href":"https:\/\/sotrafa.com\/en\/wp-json\/wp\/v2\/pages"}],"about":[{"href":"https:\/\/sotrafa.com\/en\/wp-json\/wp\/v2\/types\/page"}],"author":[{"embeddable":true,"href":"https:\/\/sotrafa.com\/en\/wp-json\/wp\/v2\/users\/2"}],"replies":[{"embeddable":true,"href":"https:\/\/sotrafa.com\/en\/wp-json\/wp\/v2\/comments?post=4732"}],"version-history":[{"count":0,"href":"https:\/\/sotrafa.com\/en\/wp-json\/wp\/v2\/pages\/4732\/revisions"}],"wp:attachment":[{"href":"https:\/\/sotrafa.com\/en\/wp-json\/wp\/v2\/media?parent=4732"}],"curies":[{"name":"wp","href":"https:\/\/api.w.org\/{rel}","templated":true}]}}